{"id":995,"date":"2024-07-25T12:42:16","date_gmt":"2024-07-25T12:42:16","guid":{"rendered":"https:\/\/low2highdh.eu\/?page_id=995"},"modified":"2025-04-10T13:28:29","modified_gmt":"2025-04-10T13:28:29","slug":"the-project","status":"publish","type":"page","link":"https:\/\/low2highdh.eu\/sk\/the-project\/","title":{"rendered":"Projekt"},"content":{"rendered":"<div data-elementor-type=\"wp-page\" data-elementor-id=\"995\" class=\"elementor elementor-995\" data-elementor-post-type=\"page\">\n\t\t\t\t<div class=\"elementor-element elementor-element-2e66860 e-flex e-con-boxed e-con e-parent\" data-id=\"2e66860\" data-element_type=\"container\" data-e-type=\"container\" data-settings=\"{&quot;background_background&quot;:&quot;classic&quot;}\">\n\t\t\t\t\t<div class=\"e-con-inner\">\n\t\t\t\t<div class=\"elementor-element elementor-element-4a822a5 elementor-widget elementor-widget-heading\" data-id=\"4a822a5\" data-element_type=\"widget\" data-e-type=\"widget\" data-widget_type=\"heading.default\">\n\t\t\t\t<div class=\"elementor-widget-container\">\n\t\t\t\t\t<h2 class=\"elementor-heading-title elementor-size-default\">Projekt<\/h2>\t\t\t\t<\/div>\n\t\t\t\t<\/div>\n\t\t\t\t\t<\/div>\n\t\t\t\t<\/div>\n\t\t<div class=\"elementor-element elementor-element-374984a e-flex e-con-boxed e-con e-parent\" data-id=\"374984a\" data-element_type=\"container\" data-e-type=\"container\">\n\t\t\t\t\t<div class=\"e-con-inner\">\n\t\t\t\t<div class=\"elementor-element elementor-element-a8e0b36 elementor-widget elementor-widget-text-editor\" data-id=\"a8e0b36\" data-element_type=\"widget\" data-e-type=\"widget\" data-widget_type=\"text-editor.default\">\n\t\t\t\t<div class=\"elementor-widget-container\">\n\t\t\t\t\t\t\t\t\t<p>Low2HighDH je <b>3-ro\u010dn\u00fd projekt (okt\u00f3ber 2023 - september 2026)<\/b><b style=\"color: var( --e-global-color-66af2ec );\">&nbsp;podpora 30 miest s vysokoteplotn\u00fdm dia\u013ekov\u00fdm vykurovan\u00edm<\/b><span style=\"color: var( --e-global-color-66af2ec );\"> (HT DHC) v <\/span><b style=\"color: var( --e-global-color-66af2ec );\">Litva, Po\u013esko a Slovensko<\/b><span style=\"color: var( --e-global-color-66af2ec );\"> v procese zav\u00e1dzania n\u00edzkoenergetick\u00fdch technol\u00f3gi\u00ed alebo technol\u00f3gi\u00ed vyu\u017e\u00edvaj\u00facich odpadov\u00e9 teplo t\u00fdm, \u017ee bude propagova\u0165 v\u00fdhody t\u00fdchto zdrojov energie a poskytne im investi\u010dn\u00fd pl\u00e1n na splnenie navrhovan\u00fdch krit\u00e9ri\u00ed pre \"\u00fa\u010dinn\u00e9 dia\u013ekov\u00e9 vykurovanie a chladenie\" zo smernice o energetickej efekt\u00edvnosti v \u010dasovom horizonte 10 rokov.<\/span><\/p>\n<p>Podpora pre vlastn\u00edkov\/spr\u00e1vcov HT DHC zah\u0155\u0148a spustenie a riadenie minim\u00e1lne <b>2 \u017eiadosti o predlo\u017eenie n\u00e1vrhov<\/b> (RFQ) na v\u00fdber k\u013e\u00fa\u010dov\u00fdch dod\u00e1vate\u013eov pre implement\u00e1ciu. Technol\u00f3gie OZE n\u00edzkej triedy, ktor\u00e9 sa bud\u00fa sk\u00fama\u0165, bud\u00fa zah\u0155\u0148a\u0165 aspo\u0148 sol\u00e1rne term\u00e1lne, n\u00edzkoteplotn\u00e9 geoterm\u00e1lne a tepeln\u00e9 \u010derpadl\u00e1. Posledn\u00e9 menovan\u00e9 sa bud\u00fa pova\u017eova\u0165 za \"podporn\u00fa technol\u00f3giu\" na vyu\u017eitie n\u00edzkoenergetick\u00fdch zdrojov tepla, ako aj na vyu\u017eitie odpadov\u00e9ho tepla. Ke\u010f\u017ee tepeln\u00e9 \u010derpadl\u00e1 s\u00fa poh\u00e1\u0148an\u00e9 elektrinou, m\u00f4\u017eu vyu\u017e\u00edva\u0165 obnovite\u013en\u00fa elektrick\u00fa energiu, napr\u00edklad z vetra a fotovoltaiky.<\/p>\n<p>V r\u00e1mci projektu sa vytvoria a roz\u0161\u00edria <b>materi\u00e1ly na budovanie kapac\u00edt<\/b> ktor\u00e9 m\u00f4\u017eu vyu\u017e\u00edva\u0165 in\u00e9 pracovisk\u00e1 HT DHC alebo zainteresovan\u00e9 strany, vr\u00e1tane portf\u00f3lia <b>technick\u00e9 a finan\u010dn\u00e9 rie\u0161enia<\/b> ktor\u00e9 sa hodia k najpo\u010detnej\u0161\u00edm situ\u00e1ci\u00e1m.<\/p>\n<p>F\u00e1za akt\u00edvneho zapojenia, \u0161\u00edrenia a replik\u00e1cie bude umo\u017enen\u00e1 vytvoren\u00edm \u0161irokej siete zainteresovan\u00fdch str\u00e1n v celom <b>3 krajiny pr\u00edpadovej \u0161t\u00fadie<\/b> a \u010falej<b> 3 n\u00e1rodn\u00e9 komunity zainteresovan\u00fdch str\u00e1n, 30 miestnych sty\u010dn\u00fdch skup\u00edn, ako aj komunitu ambas\u00e1dorov cel\u00e9ho projektu.<\/b><\/p>\n<p>O\u010dak\u00e1va sa, \u017ee projekt vyvol\u00e1 <b>454 mili\u00f3nov EUR v invest\u00edci\u00e1ch<\/b> v oblasti udr\u017eate\u013enej energie (tepeln\u00e9 technol\u00f3gie OZE + odpadov\u00e9 teplo), aby sa nahradila <b>1 TWh\/rok fos\u00edlnych pal\u00edv a zn\u00ed\u017ei\u0165 291 tis\u00edc ton emisi\u00ed CO2.<\/b><\/p>\n<p><!-- \/wp:paragraph --><\/p>\t\t\t\t\t\t\t\t<\/div>\n\t\t\t\t<\/div>\n\t\t<div class=\"elementor-element elementor-element-a3a143d e-con-full e-flex e-con e-child\" data-id=\"a3a143d\" data-element_type=\"container\" data-e-type=\"container\">\n\t\t<div class=\"elementor-element elementor-element-98324fc e-con-full e-flex e-con e-child\" data-id=\"98324fc\" data-element_type=\"container\" data-e-type=\"container\">\n\t\t\t\t<div class=\"elementor-element elementor-element-a672ca5 elementor-widget elementor-widget-heading\" data-id=\"a672ca5\" data-element_type=\"widget\" data-e-type=\"widget\" data-widget_type=\"heading.default\">\n\t\t\t\t<div class=\"elementor-widget-container\">\n\t\t\t\t\t<h6 class=\"elementor-heading-title elementor-size-default\">Projekt Low2HighDH v Po\u013esku<\/h6>\t\t\t\t<\/div>\n\t\t\t\t<\/div>\n\t\t\t\t<div class=\"elementor-element elementor-element-1a3d421 elementor-widget elementor-widget-video\" data-id=\"1a3d421\" data-element_type=\"widget\" data-e-type=\"widget\" data-settings=\"{&quot;youtube_url&quot;:&quot;https:\\\/\\\/youtu.be\\\/fW41cKcH_rk?si=xdq6lCxGS83Z_31L&quot;,&quot;video_type&quot;:&quot;youtube&quot;,&quot;controls&quot;:&quot;yes&quot;}\" data-widget_type=\"video.default\">\n\t\t\t\t<div class=\"elementor-widget-container\">\n\t\t\t\t\t\t\t<div class=\"elementor-wrapper elementor-open-inline\">\n\t\t\t<div class=\"elementor-video\"><\/div>\t\t<\/div>\n\t\t\t\t\t\t<\/div>\n\t\t\t\t<\/div>\n\t\t\t\t<\/div>\n\t\t<div class=\"elementor-element elementor-element-9dc352d e-con-full e-flex e-con e-child\" data-id=\"9dc352d\" data-element_type=\"container\" data-e-type=\"container\">\n\t\t\t\t<div class=\"elementor-element elementor-element-0994d5a elementor-widget elementor-widget-heading\" data-id=\"0994d5a\" data-element_type=\"widget\" data-e-type=\"widget\" data-widget_type=\"heading.default\">\n\t\t\t\t<div class=\"elementor-widget-container\">\n\t\t\t\t\t<h6 class=\"elementor-heading-title elementor-size-default\">Projekt Low2HighDH v Litve<\/h6>\t\t\t\t<\/div>\n\t\t\t\t<\/div>\n\t\t\t\t<div class=\"elementor-element elementor-element-04f93d2 elementor-widget elementor-widget-video\" data-id=\"04f93d2\" data-element_type=\"widget\" data-e-type=\"widget\" data-settings=\"{&quot;youtube_url&quot;:&quot;https:\\\/\\\/youtu.be\\\/PBRumtjFfdE?si=AHepDvdU4gzqnYU5&quot;,&quot;video_type&quot;:&quot;youtube&quot;,&quot;controls&quot;:&quot;yes&quot;}\" data-widget_type=\"video.default\">\n\t\t\t\t<div class=\"elementor-widget-container\">\n\t\t\t\t\t\t\t<div class=\"elementor-wrapper elementor-open-inline\">\n\t\t\t<div class=\"elementor-video\"><\/div>\t\t<\/div>\n\t\t\t\t\t\t<\/div>\n\t\t\t\t<\/div>\n\t\t\t\t<\/div>\n\t\t<div class=\"elementor-element elementor-element-8c7c8e5 e-con-full e-flex e-con e-child\" data-id=\"8c7c8e5\" data-element_type=\"container\" data-e-type=\"container\">\n\t\t\t\t<div class=\"elementor-element elementor-element-33ec557 elementor-widget elementor-widget-heading\" data-id=\"33ec557\" data-element_type=\"widget\" data-e-type=\"widget\" data-widget_type=\"heading.default\">\n\t\t\t\t<div class=\"elementor-widget-container\">\n\t\t\t\t\t<h6 class=\"elementor-heading-title elementor-size-default\">Projekt Low2HighDH na Slovensku<\/h6>\t\t\t\t<\/div>\n\t\t\t\t<\/div>\n\t\t\t\t<div class=\"elementor-element elementor-element-68747fa elementor-widget elementor-widget-video\" data-id=\"68747fa\" data-element_type=\"widget\" data-e-type=\"widget\" data-settings=\"{&quot;youtube_url&quot;:&quot;https:\\\/\\\/youtu.be\\\/j9Exp9-Bf2Y?si=nojf5YLZOeV29IA4&quot;,&quot;video_type&quot;:&quot;youtube&quot;,&quot;controls&quot;:&quot;yes&quot;}\" data-widget_type=\"video.default\">\n\t\t\t\t<div class=\"elementor-widget-container\">\n\t\t\t\t\t\t\t<div class=\"elementor-wrapper elementor-open-inline\">\n\t\t\t<div class=\"elementor-video\"><\/div>\t\t<\/div>\n\t\t\t\t\t\t<\/div>\n\t\t\t\t<\/div>\n\t\t\t\t<\/div>\n\t\t\t\t<\/div>\n\t\t\t\t\t<\/div>\n\t\t\t\t<\/div>\n\t\t\t\t<section class=\"elementor-section elementor-top-section elementor-element elementor-element-ff1b567 elementor-section-full_width elementor-section-height-default elementor-section-height-default\" data-id=\"ff1b567\" data-element_type=\"section\" data-e-type=\"section\">\n\t\t\t\t\t\t<div class=\"elementor-container elementor-column-gap-default\">\n\t\t\t\t\t<div class=\"elementor-column elementor-col-33 elementor-top-column elementor-element elementor-element-60778bb\" data-id=\"60778bb\" data-element_type=\"column\" data-e-type=\"column\" data-settings=\"{&quot;background_background&quot;:&quot;gradient&quot;}\">\n\t\t\t<div class=\"elementor-widget-wrap elementor-element-populated\">\n\t\t\t\t\t\t<div class=\"elementor-element elementor-element-b4af94d elementor-invisible elementor-widget elementor-widget-heading\" data-id=\"b4af94d\" data-element_type=\"widget\" data-e-type=\"widget\" data-settings=\"{&quot;_animation&quot;:&quot;slideInLeft&quot;}\" data-widget_type=\"heading.default\">\n\t\t\t\t<div class=\"elementor-widget-container\">\n\t\t\t\t\t<h2 class=\"elementor-heading-title elementor-size-default\">N\u00e1\u0161 vplyv<\/h2>\t\t\t\t<\/div>\n\t\t\t\t<\/div>\n\t\t\t\t\t<\/div>\n\t\t<\/div>\n\t\t\t\t<div class=\"elementor-column elementor-col-66 elementor-top-column elementor-element elementor-element-722652f\" data-id=\"722652f\" data-element_type=\"column\" data-e-type=\"column\" data-settings=\"{&quot;background_background&quot;:&quot;classic&quot;}\">\n\t\t\t<div class=\"elementor-widget-wrap elementor-element-populated\">\n\t\t\t\t\t<div class=\"elementor-background-overlay\"><\/div>\n\t\t\t\t\t\t<section class=\"elementor-section elementor-inner-section elementor-element elementor-element-79d7dd7 elementor-section-full_width elementor-section-height-default elementor-section-height-default\" data-id=\"79d7dd7\" data-element_type=\"section\" data-e-type=\"section\">\n\t\t\t\t\t\t<div class=\"elementor-container elementor-column-gap-default\">\n\t\t\t\t\t<div class=\"elementor-column elementor-col-25 elementor-inner-column elementor-element elementor-element-de1b99a elementor-invisible\" data-id=\"de1b99a\" data-element_type=\"column\" data-e-type=\"column\" data-settings=\"{&quot;animation&quot;:&quot;fadeIn&quot;,&quot;animation_delay&quot;:600}\">\n\t\t\t<div class=\"elementor-widget-wrap elementor-element-populated\">\n\t\t\t\t\t\t<div class=\"elementor-element elementor-element-c7688ec elementor-view-stacked elementor-shape-circle elementor-widget elementor-widget-icon\" data-id=\"c7688ec\" data-element_type=\"widget\" data-e-type=\"widget\" data-widget_type=\"icon.default\">\n\t\t\t\t<div class=\"elementor-widget-container\">\n\t\t\t\t\t\t\t<div class=\"elementor-icon-wrapper\">\n\t\t\t<div class=\"elementor-icon\">\n\t\t\t<svg aria-hidden=\"true\" class=\"e-font-icon-svg e-fas-bullseye\" viewbox=\"0 0 496 512\" xmlns=\"http:\/\/www.w3.org\/2000\/svg\"><path d=\"M248 8C111.03 8 0 119.03 0 256s111.03 248 248 248 248-111.03 248-248S384.97 8 248 8zm0 432c-101.69 0-184-82.29-184-184 0-101.69 82.29-184 184-184 101.69 0 184 82.29 184 184 0 101.69-82.29 184-184 184zm0-312c-70.69 0-128 57.31-128 128s57.31 128 128 128 128-57.31 128-128-57.31-128-128-128zm0 192c-35.29 0-64-28.71-64-64s28.71-64 64-64 64 28.71 64 64-28.71 64-64 64z\"><\/path><\/svg>\t\t\t<\/div>\n\t\t<\/div>\n\t\t\t\t\t\t<\/div>\n\t\t\t\t<\/div>\n\t\t\t\t<div class=\"elementor-element elementor-element-5f09b88 elementor-widget elementor-widget-spacer\" data-id=\"5f09b88\" data-element_type=\"widget\" data-e-type=\"widget\" data-widget_type=\"spacer.default\">\n\t\t\t\t<div class=\"elementor-widget-container\">\n\t\t\t\t\t\t\t<div class=\"elementor-spacer\">\n\t\t\t<div class=\"elementor-spacer-inner\"><\/div>\n\t\t<\/div>\n\t\t\t\t\t\t<\/div>\n\t\t\t\t<\/div>\n\t\t\t\t<div class=\"elementor-element elementor-element-c10e736 elementor-widget elementor-widget-text-editor\" data-id=\"c10e736\" data-element_type=\"widget\" data-e-type=\"widget\" data-widget_type=\"text-editor.default\">\n\t\t\t\t<div class=\"elementor-widget-container\">\n\t\t\t\t\t\t\t\t\t<p><b>Zv\u00fd\u0161en\u00e1 schopnos\u0165 vlastn\u00edkov\/prev\u00e1dzkovate\u013eov DHC integrova\u0165 n\u00edzkoenergetick\u00fa obnovite\u013en\u00fa energiu alebo odpadov\u00e9 teplo v miestach s vysokoteplotn\u00fdm CZT<\/b><\/p>\t\t\t\t\t\t\t\t<\/div>\n\t\t\t\t<\/div>\n\t\t\t\t\t<\/div>\n\t\t<\/div>\n\t\t\t\t<div class=\"elementor-column elementor-col-25 elementor-inner-column elementor-element elementor-element-cf0dcc4 elementor-invisible\" data-id=\"cf0dcc4\" data-element_type=\"column\" data-e-type=\"column\" data-settings=\"{&quot;animation&quot;:&quot;fadeIn&quot;,&quot;animation_delay&quot;:600}\">\n\t\t\t<div class=\"elementor-widget-wrap elementor-element-populated\">\n\t\t\t\t\t\t<div class=\"elementor-element elementor-element-fac1628 elementor-view-stacked elementor-shape-circle elementor-widget elementor-widget-icon\" data-id=\"fac1628\" data-element_type=\"widget\" data-e-type=\"widget\" data-widget_type=\"icon.default\">\n\t\t\t\t<div class=\"elementor-widget-container\">\n\t\t\t\t\t\t\t<div class=\"elementor-icon-wrapper\">\n\t\t\t<div class=\"elementor-icon\">\n\t\t\t<svg aria-hidden=\"true\" class=\"e-font-icon-svg e-fas-bullseye\" viewbox=\"0 0 496 512\" xmlns=\"http:\/\/www.w3.org\/2000\/svg\"><path d=\"M248 8C111.03 8 0 119.03 0 256s111.03 248 248 248 248-111.03 248-248S384.97 8 248 8zm0 432c-101.69 0-184-82.29-184-184 0-101.69 82.29-184 184-184 101.69 0 184 82.29 184 184 0 101.69-82.29 184-184 184zm0-312c-70.69 0-128 57.31-128 128s57.31 128 128 128 128-57.31 128-128-57.31-128-128-128zm0 192c-35.29 0-64-28.71-64-64s28.71-64 64-64 64 28.71 64 64-28.71 64-64 64z\"><\/path><\/svg>\t\t\t<\/div>\n\t\t<\/div>\n\t\t\t\t\t\t<\/div>\n\t\t\t\t<\/div>\n\t\t\t\t<div class=\"elementor-element elementor-element-c9ab8ef elementor-widget elementor-widget-spacer\" data-id=\"c9ab8ef\" data-element_type=\"widget\" data-e-type=\"widget\" data-widget_type=\"spacer.default\">\n\t\t\t\t<div class=\"elementor-widget-container\">\n\t\t\t\t\t\t\t<div class=\"elementor-spacer\">\n\t\t\t<div class=\"elementor-spacer-inner\"><\/div>\n\t\t<\/div>\n\t\t\t\t\t\t<\/div>\n\t\t\t\t<\/div>\n\t\t\t\t<div class=\"elementor-element elementor-element-645639e elementor-widget elementor-widget-text-editor\" data-id=\"645639e\" data-element_type=\"widget\" data-e-type=\"widget\" data-widget_type=\"text-editor.default\">\n\t\t\t\t<div class=\"elementor-widget-container\">\n\t\t\t\t\t\t\t\t\t<p><b>Preuk\u00e1zanie technickej a finan\u010dnej uskuto\u010dnite\u013enosti prechodu na krit\u00e9ri\u00e1 \"efekt\u00edvneho DHC\" vysokoteplotn\u00fdch syst\u00e9mov CZT<\/b><\/p>\t\t\t\t\t\t\t\t<\/div>\n\t\t\t\t<\/div>\n\t\t\t\t\t<\/div>\n\t\t<\/div>\n\t\t\t\t<div class=\"elementor-column elementor-col-25 elementor-inner-column elementor-element elementor-element-04994a7 elementor-invisible\" data-id=\"04994a7\" data-element_type=\"column\" data-e-type=\"column\" data-settings=\"{&quot;animation&quot;:&quot;fadeIn&quot;,&quot;animation_delay&quot;:600}\">\n\t\t\t<div class=\"elementor-widget-wrap elementor-element-populated\">\n\t\t\t\t\t\t<div class=\"elementor-element elementor-element-2e32e21 elementor-view-stacked elementor-shape-circle elementor-widget elementor-widget-icon\" data-id=\"2e32e21\" data-element_type=\"widget\" data-e-type=\"widget\" data-widget_type=\"icon.default\">\n\t\t\t\t<div class=\"elementor-widget-container\">\n\t\t\t\t\t\t\t<div class=\"elementor-icon-wrapper\">\n\t\t\t<div class=\"elementor-icon\">\n\t\t\t<svg aria-hidden=\"true\" class=\"e-font-icon-svg e-fas-bullseye\" viewbox=\"0 0 496 512\" xmlns=\"http:\/\/www.w3.org\/2000\/svg\"><path d=\"M248 8C111.03 8 0 119.03 0 256s111.03 248 248 248 248-111.03 248-248S384.97 8 248 8zm0 432c-101.69 0-184-82.29-184-184 0-101.69 82.29-184 184-184 101.69 0 184 82.29 184 184 0 101.69-82.29 184-184 184zm0-312c-70.69 0-128 57.31-128 128s57.31 128 128 128 128-57.31 128-128-57.31-128-128-128zm0 192c-35.29 0-64-28.71-64-64s28.71-64 64-64 64 28.71 64 64-28.71 64-64 64z\"><\/path><\/svg>\t\t\t<\/div>\n\t\t<\/div>\n\t\t\t\t\t\t<\/div>\n\t\t\t\t<\/div>\n\t\t\t\t<div class=\"elementor-element elementor-element-d578649 elementor-widget elementor-widget-spacer\" data-id=\"d578649\" data-element_type=\"widget\" data-e-type=\"widget\" data-widget_type=\"spacer.default\">\n\t\t\t\t<div class=\"elementor-widget-container\">\n\t\t\t\t\t\t\t<div class=\"elementor-spacer\">\n\t\t\t<div class=\"elementor-spacer-inner\"><\/div>\n\t\t<\/div>\n\t\t\t\t\t\t<\/div>\n\t\t\t\t<\/div>\n\t\t\t\t<div class=\"elementor-element elementor-element-3466888 elementor-widget__width-initial elementor-widget elementor-widget-text-editor\" data-id=\"3466888\" data-element_type=\"widget\" data-e-type=\"widget\" data-widget_type=\"text-editor.default\">\n\t\t\t\t<div class=\"elementor-widget-container\">\n\t\t\t\t\t\t\t\t\t<p><b>Zlep\u0161en\u00fd regula\u010dn\u00fd r\u00e1mec pre DHC umo\u017e\u0148uj\u00faci plnenie krit\u00e9ri\u00ed EED<\/b><\/p>\t\t\t\t\t\t\t\t<\/div>\n\t\t\t\t<\/div>\n\t\t\t\t\t<\/div>\n\t\t<\/div>\n\t\t\t\t<div class=\"elementor-column elementor-col-25 elementor-inner-column elementor-element elementor-element-e391c61 elementor-invisible\" data-id=\"e391c61\" data-element_type=\"column\" data-e-type=\"column\" data-settings=\"{&quot;animation&quot;:&quot;fadeIn&quot;,&quot;animation_delay&quot;:600}\">\n\t\t\t<div class=\"elementor-widget-wrap elementor-element-populated\">\n\t\t\t\t\t\t<div class=\"elementor-element elementor-element-4bff861 elementor-view-stacked elementor-shape-circle elementor-widget elementor-widget-icon\" data-id=\"4bff861\" data-element_type=\"widget\" data-e-type=\"widget\" data-widget_type=\"icon.default\">\n\t\t\t\t<div class=\"elementor-widget-container\">\n\t\t\t\t\t\t\t<div class=\"elementor-icon-wrapper\">\n\t\t\t<div class=\"elementor-icon\">\n\t\t\t<svg aria-hidden=\"true\" class=\"e-font-icon-svg e-fas-bullseye\" viewbox=\"0 0 496 512\" xmlns=\"http:\/\/www.w3.org\/2000\/svg\"><path d=\"M248 8C111.03 8 0 119.03 0 256s111.03 248 248 248 248-111.03 248-248S384.97 8 248 8zm0 432c-101.69 0-184-82.29-184-184 0-101.69 82.29-184 184-184 101.69 0 184 82.29 184 184 0 101.69-82.29 184-184 184zm0-312c-70.69 0-128 57.31-128 128s57.31 128 128 128 128-57.31 128-128-57.31-128-128-128zm0 192c-35.29 0-64-28.71-64-64s28.71-64 64-64 64 28.71 64 64-28.71 64-64 64z\"><\/path><\/svg>\t\t\t<\/div>\n\t\t<\/div>\n\t\t\t\t\t\t<\/div>\n\t\t\t\t<\/div>\n\t\t\t\t<div class=\"elementor-element elementor-element-bf07fe2 elementor-widget elementor-widget-spacer\" data-id=\"bf07fe2\" data-element_type=\"widget\" data-e-type=\"widget\" data-widget_type=\"spacer.default\">\n\t\t\t\t<div class=\"elementor-widget-container\">\n\t\t\t\t\t\t\t<div class=\"elementor-spacer\">\n\t\t\t<div class=\"elementor-spacer-inner\"><\/div>\n\t\t<\/div>\n\t\t\t\t\t\t<\/div>\n\t\t\t\t<\/div>\n\t\t\t\t<div class=\"elementor-element elementor-element-19bf43d elementor-widget elementor-widget-text-editor\" data-id=\"19bf43d\" data-element_type=\"widget\" data-e-type=\"widget\" data-widget_type=\"text-editor.default\">\n\t\t\t\t<div class=\"elementor-widget-container\">\n\t\t\t\t\t\t\t\t\t<p><b>V\u00fdznamn\u00e9 pr\u00ednosy pre \u017eivotn\u00e9 prostredie a kl\u00edmu v d\u00f4sledku realiz\u00e1cie investi\u010dn\u00fdch pl\u00e1nov<\/b><\/p>\t\t\t\t\t\t\t\t<\/div>\n\t\t\t\t<\/div>\n\t\t\t\t\t<\/div>\n\t\t<\/div>\n\t\t\t\t\t<\/div>\n\t\t<\/section>\n\t\t\t\t\t<\/div>\n\t\t<\/div>\n\t\t\t\t\t<\/div>\n\t\t<\/section>\n\t\t\t\t<\/div>","protected":false},"excerpt":{"rendered":"<p>The Project Low2HighDH is a 3-year project&nbsp;(October 2023 &#8211; September 2026)&nbsp;supporting 30 high temperature district heating sites (HT DHC) in Lithuania, Poland, and Slovakia in the implementation process of low-grade or waste heat technologies, by promoting the advantages of these energy sources and providing them with an investment plan to fulfil the proposed criteria for [&hellip;]<\/p>\n","protected":false},"author":1,"featured_media":0,"parent":0,"menu_order":0,"comment_status":"closed","ping_status":"closed","template":"elementor_header_footer","meta":{"footnotes":""},"class_list":["post-995","page","type-page","status-publish","hentry"],"_links":{"self":[{"href":"https:\/\/low2highdh.eu\/sk\/wp-json\/wp\/v2\/pages\/995","targetHints":{"allow":["GET"]}}],"collection":[{"href":"https:\/\/low2highdh.eu\/sk\/wp-json\/wp\/v2\/pages"}],"about":[{"href":"https:\/\/low2highdh.eu\/sk\/wp-json\/wp\/v2\/types\/page"}],"author":[{"embeddable":true,"href":"https:\/\/low2highdh.eu\/sk\/wp-json\/wp\/v2\/users\/1"}],"replies":[{"embeddable":true,"href":"https:\/\/low2highdh.eu\/sk\/wp-json\/wp\/v2\/comments?post=995"}],"version-history":[{"count":0,"href":"https:\/\/low2highdh.eu\/sk\/wp-json\/wp\/v2\/pages\/995\/revisions"}],"wp:attachment":[{"href":"https:\/\/low2highdh.eu\/sk\/wp-json\/wp\/v2\/media?parent=995"}],"curies":[{"name":"wp","href":"https:\/\/api.w.org\/{rel}","templated":true}]}}