{"id":987,"date":"2024-07-25T12:37:03","date_gmt":"2024-07-25T12:37:03","guid":{"rendered":"https:\/\/low2highdh.eu\/?page_id=987"},"modified":"2025-04-11T11:26:27","modified_gmt":"2025-04-11T11:26:27","slug":"technical-solutions","status":"publish","type":"page","link":"https:\/\/low2highdh.eu\/sk\/technical-solutions\/","title":{"rendered":"Technick\u00e9 rie\u0161enia"},"content":{"rendered":"<div data-elementor-type=\"wp-page\" data-elementor-id=\"987\" class=\"elementor elementor-987\" data-elementor-post-type=\"page\">\n\t\t\t\t<div class=\"elementor-element elementor-element-3e75609 e-flex e-con-boxed e-con e-parent\" data-id=\"3e75609\" data-element_type=\"container\" data-e-type=\"container\" data-settings=\"{&quot;background_background&quot;:&quot;classic&quot;}\">\n\t\t\t\t\t<div class=\"e-con-inner\">\n\t\t\t\t<div class=\"elementor-element elementor-element-4e76ddc elementor-widget elementor-widget-heading\" data-id=\"4e76ddc\" data-element_type=\"widget\" data-e-type=\"widget\" data-widget_type=\"heading.default\">\n\t\t\t\t<div class=\"elementor-widget-container\">\n\t\t\t\t\t<h2 class=\"elementor-heading-title elementor-size-default\">Technick\u00e9 rie\u0161enia<\/h2>\t\t\t\t<\/div>\n\t\t\t\t<\/div>\n\t\t\t\t\t<\/div>\n\t\t\t\t<\/div>\n\t\t<div class=\"elementor-element elementor-element-4aace6f e-flex e-con-boxed e-con e-parent\" data-id=\"4aace6f\" data-element_type=\"container\" data-e-type=\"container\">\n\t\t\t\t\t<div class=\"e-con-inner\">\n\t\t\t\t<div class=\"elementor-element elementor-element-a920fd3 elementor-widget elementor-widget-text-editor\" data-id=\"a920fd3\" data-element_type=\"widget\" data-e-type=\"widget\" data-widget_type=\"text-editor.default\">\n\t\t\t\t<div class=\"elementor-widget-container\">\n\t\t\t\t\t\t\t\t\t<p><\/p><p><strong>Technick\u00e9 rie\u0161enia<\/strong> predpoklad\u00e1me, \u017ee integr\u00e1cia n\u00edzkoenergetick\u00fdch OZE v zariadeniach CZT bude ma\u0165 za z\u00e1kladn\u00fa technol\u00f3giu tepeln\u00e9 \u010derpadl\u00e1. Tepeln\u00e9 \u010derpadl\u00e1 m\u00f4\u017eu zvy\u0161ova\u0165 teplotu n\u00edzkoteplotn\u00fdch (a teda n\u00edzkotriednych) zdrojov tepla na vy\u0161\u0161ie teplotn\u00e9 \u00farovne alebo na v\u00fdrobu chladu. Kompresn\u00e9 tepeln\u00e9 \u010derpadl\u00e1 vyu\u017e\u00edvaj\u00fa elektrick\u00fa energiu na zv\u00fd\u0161enie n\u00edzkoteplotn\u00e9ho zdroja tepla pomocou mechanick\u00e9ho kompresora pracuj\u00faceho s chladivom.<\/p><p>Elektrick\u00e9 tepeln\u00e9 \u010derpadl\u00e1 v syst\u00e9me dia\u013ekov\u00e9ho z\u00e1sobovania energiou zohr\u00e1vaj\u00fa k\u013e\u00fa\u010dov\u00fa \u00falohu, preto\u017ee umo\u017e\u0148uj\u00fa zv\u00fd\u0161i\u0165 teplotu z n\u00edzkej na vysok\u00fa \u00farove\u0148 (napr. zv\u00fd\u0161enie teploty) a sp\u00e1jaj\u00fa sektory elektrickej energie a vykurovania\/chladenia. V syst\u00e9me, v ktorom prevl\u00e1daj\u00fa OZE, tepeln\u00e9 \u010derpadl\u00e1 umo\u017e\u0148uj\u00fa prepojenie tepeln\u00e9ho a elektrick\u00e9ho sektora. Konkr\u00e9tne, ak v\u0161etka elektrick\u00e1 energia, ktor\u00fa vyu\u017e\u00edva kompresor tepeln\u00e9ho \u010derpadla, je vyroben\u00e1 z OZE, dod\u00e1vku energie do tepeln\u00e9ho \u010derpadla mo\u017eno pova\u017eova\u0165 za \u010dist\u00fa. Okrem toho tepeln\u00e9 \u010derpadlo umo\u017e\u0148uje zv\u00fd\u0161i\u0165 teplotu (napr. zo zdrojov OZE, ako je sol\u00e1rne teplo alebo odpadov\u00e9 teplo, napr. z d\u00e1tov\u00fdch centier) na vysokoteplotn\u00e9 zdroje energie na integr\u00e1ciu do vysokoteplotnej siete centralizovan\u00e9ho z\u00e1sobovania teplom (alebo do najnov\u0161ej v\u00fdroby TUV) t\u00fdm, \u017ee podporuje glob\u00e1lnu energetick\u00fa \u00fa\u010dinnos\u0165 syst\u00e9mu.<\/p><p><\/p>\t\t\t\t\t\t\t\t<\/div>\n\t\t\t\t<\/div>\n\t\t\t\t<div class=\"elementor-element elementor-element-664a5f9 elementor-widget__width-initial elementor-widget elementor-widget-video\" data-id=\"664a5f9\" data-element_type=\"widget\" data-e-type=\"widget\" data-settings=\"{&quot;youtube_url&quot;:&quot;https:\\\/\\\/www.youtube.com\\\/watch?v=gnq2INQ1vAw&quot;,&quot;video_type&quot;:&quot;youtube&quot;,&quot;controls&quot;:&quot;yes&quot;}\" data-widget_type=\"video.default\">\n\t\t\t\t<div class=\"elementor-widget-container\">\n\t\t\t\t\t\t\t<div class=\"elementor-wrapper elementor-open-inline\">\n\t\t\t<div class=\"elementor-video\"><\/div>\t\t<\/div>\n\t\t\t\t\t\t<\/div>\n\t\t\t\t<\/div>\n\t\t\t\t\t<\/div>\n\t\t\t\t<\/div>\n\t\t\t\t<\/div>","protected":false},"excerpt":{"rendered":"<p>Technical solutions The technical solutions we envision to integrate low-grade RES in DH facilities have heat pumps as the enabling technology. Heat pumps can upgrade low temperature (and therefore low-grade) heat sources to higher temperature levels or to produce cold. Compression heat pumps use electricity to upgrade a low-temperature heat source, using a mechanical compressor [&hellip;]<\/p>\n","protected":false},"author":1,"featured_media":0,"parent":0,"menu_order":0,"comment_status":"closed","ping_status":"closed","template":"elementor_header_footer","meta":{"footnotes":""},"class_list":["post-987","page","type-page","status-publish","hentry"],"_links":{"self":[{"href":"https:\/\/low2highdh.eu\/sk\/wp-json\/wp\/v2\/pages\/987","targetHints":{"allow":["GET"]}}],"collection":[{"href":"https:\/\/low2highdh.eu\/sk\/wp-json\/wp\/v2\/pages"}],"about":[{"href":"https:\/\/low2highdh.eu\/sk\/wp-json\/wp\/v2\/types\/page"}],"author":[{"embeddable":true,"href":"https:\/\/low2highdh.eu\/sk\/wp-json\/wp\/v2\/users\/1"}],"replies":[{"embeddable":true,"href":"https:\/\/low2highdh.eu\/sk\/wp-json\/wp\/v2\/comments?post=987"}],"version-history":[{"count":0,"href":"https:\/\/low2highdh.eu\/sk\/wp-json\/wp\/v2\/pages\/987\/revisions"}],"wp:attachment":[{"href":"https:\/\/low2highdh.eu\/sk\/wp-json\/wp\/v2\/media?parent=987"}],"curies":[{"name":"wp","href":"https:\/\/api.w.org\/{rel}","templated":true}]}}