{"id":958,"date":"2024-07-25T12:29:35","date_gmt":"2024-07-25T12:29:35","guid":{"rendered":"https:\/\/low2highdh.eu\/?page_id=958"},"modified":"2025-04-11T11:27:17","modified_gmt":"2025-04-11T11:27:17","slug":"financial-solutions","status":"publish","type":"page","link":"https:\/\/low2highdh.eu\/sk\/financial-solutions\/","title":{"rendered":"Finan\u010dn\u00e9 rie\u0161enia"},"content":{"rendered":"<div data-elementor-type=\"wp-page\" data-elementor-id=\"958\" class=\"elementor elementor-958\" data-elementor-post-type=\"page\">\n\t\t\t\t<div class=\"elementor-element elementor-element-f610897 e-flex e-con-boxed e-con e-parent\" data-id=\"f610897\" data-element_type=\"container\" data-e-type=\"container\" data-settings=\"{&quot;background_background&quot;:&quot;classic&quot;}\">\n\t\t\t\t\t<div class=\"e-con-inner\">\n\t\t\t\t<div class=\"elementor-element elementor-element-6aea595 elementor-widget elementor-widget-heading\" data-id=\"6aea595\" data-element_type=\"widget\" data-e-type=\"widget\" data-widget_type=\"heading.default\">\n\t\t\t\t<div class=\"elementor-widget-container\">\n\t\t\t\t\t<h2 class=\"elementor-heading-title elementor-size-default\">Finan\u010dn\u00e9 rie\u0161enia<\/h2>\t\t\t\t<\/div>\n\t\t\t\t<\/div>\n\t\t\t\t\t<\/div>\n\t\t\t\t<\/div>\n\t\t<div class=\"elementor-element elementor-element-18c67ee7 e-flex e-con-boxed e-con e-parent\" data-id=\"18c67ee7\" data-element_type=\"container\" data-e-type=\"container\">\n\t\t\t\t\t<div class=\"e-con-inner\">\n\t\t\t\t<div class=\"elementor-element elementor-element-263da67 elementor-widget elementor-widget-text-editor\" data-id=\"263da67\" data-element_type=\"widget\" data-e-type=\"widget\" data-widget_type=\"text-editor.default\">\n\t\t\t\t<div class=\"elementor-widget-container\">\n\t\t\t\t\t\t\t\t\t<p><\/p>\n<p><strong>Na strane finan\u010dn\u00fdch rie\u0161en\u00ed<\/strong>, Eur\u00f3pska komisia poskytla prostredn\u00edctvom viacer\u00fdch n\u00e1rodn\u00fdch programov na financovanie prechodu na zelen\u00e9 energetick\u00e9 technol\u00f3gie (napr. z\u00e1ru\u010dn\u00e9 fondy Eur\u00f3pskej investi\u010dnej banky) bohat\u00e9 verejn\u00e9 zdroje. Popri bank\u00e1ch poskytuj\u00fa s\u00fakromn\u00e9 prostriedky v r\u00e1mci viacer\u00fdch programov na financovanie invest\u00edci\u00ed do zelen\u00fdch technol\u00f3gi\u00ed aj viacer\u00e9 \u0161pecializovan\u00e9 fondy (napr. CNE Finance, SOLAS Capital). Tieto fondy v\u0161ak potrebuj\u00fa kan\u00e1l na trh, identifik\u00e1ciu d\u00f4veryhodn\u00fdch projektov, spo\u013eahliv\u00fdch partnerov a \u0161trukt\u00fary financovania prisp\u00f4soben\u00e9 jednotliv\u00fdm pr\u00edpadom.<\/p>\n<p>Low2HighDH bude predstavova\u0165 vynikaj\u00faci kan\u00e1l pre finan\u010dn\u00e9 in\u0161tit\u00facie a projekty, aby sa mohli stretn\u00fa\u0165 a spolo\u010dne vytvori\u0165 \u0161pecifick\u00e9 rie\u0161enie pre ka\u017ed\u00fd pr\u00edpad. Taktie\u017e sa vytvor\u00ed portf\u00f3lio finan\u010dn\u00fdch rie\u0161en\u00ed, aby v\u00e4\u010d\u0161ina miest s DHC na\u0161la vhodn\u00e9 finan\u010dn\u00e9 rie\u0161enie pre svoj pr\u00edpad.<\/p>\n<p><\/p>\t\t\t\t\t\t\t\t<\/div>\n\t\t\t\t<\/div>\n\t\t\t\t<div class=\"elementor-element elementor-element-c9b2985 elementor-widget__width-initial elementor-widget elementor-widget-video\" data-id=\"c9b2985\" data-element_type=\"widget\" data-e-type=\"widget\" data-settings=\"{&quot;youtube_url&quot;:&quot;https:\\\/\\\/youtu.be\\\/rdFyY0k16lc?si=GJSDWduyCaf9uw84&quot;,&quot;video_type&quot;:&quot;youtube&quot;,&quot;controls&quot;:&quot;yes&quot;}\" data-widget_type=\"video.default\">\n\t\t\t\t<div class=\"elementor-widget-container\">\n\t\t\t\t\t\t\t<div class=\"elementor-wrapper elementor-open-inline\">\n\t\t\t<div class=\"elementor-video\"><\/div>\t\t<\/div>\n\t\t\t\t\t\t<\/div>\n\t\t\t\t<\/div>\n\t\t\t\t\t<\/div>\n\t\t\t\t<\/div>\n\t\t\t\t<\/div>","protected":false},"excerpt":{"rendered":"<p>Financial solutions On the financial solutions side, abundant public resources have been made available by the European Commission through the several national programmes to finance a transition to green energy technologies (e.g., credit guarantee funds from the European Investment Bank). Alongside banks, several specialized funds provide private funds under several schemes to finance investments in [&hellip;]<\/p>\n","protected":false},"author":1,"featured_media":0,"parent":0,"menu_order":0,"comment_status":"closed","ping_status":"closed","template":"elementor_header_footer","meta":{"footnotes":""},"class_list":["post-958","page","type-page","status-publish","hentry"],"_links":{"self":[{"href":"https:\/\/low2highdh.eu\/sk\/wp-json\/wp\/v2\/pages\/958","targetHints":{"allow":["GET"]}}],"collection":[{"href":"https:\/\/low2highdh.eu\/sk\/wp-json\/wp\/v2\/pages"}],"about":[{"href":"https:\/\/low2highdh.eu\/sk\/wp-json\/wp\/v2\/types\/page"}],"author":[{"embeddable":true,"href":"https:\/\/low2highdh.eu\/sk\/wp-json\/wp\/v2\/users\/1"}],"replies":[{"embeddable":true,"href":"https:\/\/low2highdh.eu\/sk\/wp-json\/wp\/v2\/comments?post=958"}],"version-history":[{"count":0,"href":"https:\/\/low2highdh.eu\/sk\/wp-json\/wp\/v2\/pages\/958\/revisions"}],"wp:attachment":[{"href":"https:\/\/low2highdh.eu\/sk\/wp-json\/wp\/v2\/media?parent=958"}],"curies":[{"name":"wp","href":"https:\/\/api.w.org\/{rel}","templated":true}]}}