{"id":1015,"date":"2024-07-26T09:41:54","date_gmt":"2024-07-26T09:41:54","guid":{"rendered":"https:\/\/low2highdh.eu\/?page_id=1015"},"modified":"2026-01-13T12:44:11","modified_gmt":"2026-01-13T12:44:11","slug":"call-for-applications","status":"publish","type":"page","link":"https:\/\/low2highdh.eu\/sk\/call-for-applications\/","title":{"rendered":"V\u00fdzva na pod\u00e1vanie \u017eiadost\u00ed"},"content":{"rendered":"<div data-elementor-type=\"wp-page\" data-elementor-id=\"1015\" class=\"elementor elementor-1015\" data-elementor-post-type=\"page\">\n\t\t\t\t<div class=\"elementor-element elementor-element-04342f6 e-con-full e-flex e-con e-parent\" data-id=\"04342f6\" data-element_type=\"container\" data-e-type=\"container\">\n\t\t<div class=\"elementor-element elementor-element-24b53b1 e-con-full e-flex e-con e-child\" data-id=\"24b53b1\" data-element_type=\"container\" data-e-type=\"container\" data-settings=\"{&quot;background_background&quot;:&quot;classic&quot;}\">\n\t\t\t\t<div class=\"elementor-element elementor-element-521b992 elementor-invisible elementor-widget elementor-widget-heading\" data-id=\"521b992\" data-element_type=\"widget\" data-e-type=\"widget\" data-settings=\"{&quot;_animation&quot;:&quot;slideInLeft&quot;}\" data-widget_type=\"heading.default\">\n\t\t\t\t<div class=\"elementor-widget-container\">\n\t\t\t\t\t<h2 class=\"elementor-heading-title elementor-size-default\">V\u00ddZVA NA POD\u00c1VANIE \u017dIADOST\u00cd<\/h2>\t\t\t\t<\/div>\n\t\t\t\t<\/div>\n\t\t\t\t<div class=\"elementor-element elementor-element-af06e22 elementor-invisible elementor-widget elementor-widget-heading\" data-id=\"af06e22\" data-element_type=\"widget\" data-e-type=\"widget\" data-settings=\"{&quot;_animation&quot;:&quot;slideInLeft&quot;}\" data-widget_type=\"heading.default\">\n\t\t\t\t<div class=\"elementor-widget-container\">\n\t\t\t\t\t<h2 class=\"elementor-heading-title elementor-size-default\">ZATVOREN\u00c9<\/h2>\t\t\t\t<\/div>\n\t\t\t\t<\/div>\n\t\t\t\t<\/div>\n\t\t<div class=\"elementor-element elementor-element-534266e e-con-full e-flex e-con e-child\" data-id=\"534266e\" data-element_type=\"container\" data-e-type=\"container\" data-settings=\"{&quot;background_background&quot;:&quot;classic&quot;}\">\n\t\t\t\t<div class=\"elementor-element elementor-element-0efa355 elementor-invisible elementor-widget elementor-widget-text-editor\" data-id=\"0efa355\" data-element_type=\"widget\" data-e-type=\"widget\" data-settings=\"{&quot;_animation&quot;:&quot;slideInRight&quot;}\" data-widget_type=\"text-editor.default\">\n\t\t\t\t<div class=\"elementor-widget-container\">\n\t\t\t\t\t\t\t\t\t<p>Cie\u013eom projektu Low2HighDH je podpori\u0165 prev\u00e1dzkovate\u013eov dia\u013ekov\u00e9ho vykurovania v Litve, Po\u013esku a na Slovensku integr\u00e1ciou technol\u00f3gi\u00ed na v\u00fdrobu n\u00edzkoenergetick\u00e9ho a odpadov\u00e9ho tepla do ich syst\u00e9mov a pom\u00f4c\u0165 im tak pri plnen\u00ed cie\u013eov dekarboniz\u00e1cie. Na dosiahnutie tohto cie\u013ea si projekt vy\u017eaduje akt\u00edvne zapojenie vysokoteplotn\u00fdch tepl\u00e1rn\u00ed a potenci\u00e1lnych \u00fa\u010dastn\u00edkov bude hodnoti\u0165 prostredn\u00edctvom v\u00fdzvy na predkladanie \u017eiadost\u00ed.\u00a0<\/p><p>Prihl\u00e1\u0161ka sa pod\u00e1va vyplnen\u00edm online formul\u00e1ra, v ktorom sa zhroma\u017edia v\u0161etky relevantn\u00e9 inform\u00e1cie, ktor\u00e9 sa pou\u017eij\u00fa na hodnotenie uch\u00e1dza\u010dov. Potom konzorcium pou\u017eije v\u00fdberov\u00e9 krit\u00e9ri\u00e1 na v\u00fdber najvhodnej\u0161\u00edch uch\u00e1dza\u010dov. Napokon vybran\u00fdch \u017eiadate\u013eov bude kontaktova\u0165 partner konzorcia zodpovedn\u00fd za poskytovanie konkr\u00e9tnej podpory s cie\u013eom definova\u0165 podporn\u00fd n\u00e1stroj a formalizova\u0165 dohodu o spolupr\u00e1ci.<\/p>\t\t\t\t\t\t\t\t<\/div>\n\t\t\t\t<\/div>\n\t\t\t\t<div class=\"elementor-element elementor-element-537dc6f blinking-effect elementor-widget__width-initial elementor-hidden-desktop elementor-hidden-tablet elementor-hidden-mobile elementor-widget elementor-widget-button\" data-id=\"537dc6f\" data-element_type=\"widget\" data-e-type=\"widget\" data-widget_type=\"button.default\">\n\t\t\t\t<div class=\"elementor-widget-container\">\n\t\t\t\t\t\t\t\t\t<div class=\"elementor-button-wrapper\">\n\t\t\t\t\t<a class=\"elementor-button elementor-button-link elementor-size-sm\" href=\"https:\/\/ec.europa.eu\/eusurvey\/runner\/2ndCfA_L2H\">\n\t\t\t\t\t\t<span class=\"elementor-button-content-wrapper\">\n\t\t\t\t\t\t\t\t\t<span class=\"elementor-button-text\">PRIHL\u00c1STE SA TERAZ<\/span>\n\t\t\t\t\t<\/span>\n\t\t\t\t\t<\/a>\n\t\t\t\t<\/div>\n\t\t\t\t\t\t\t\t<\/div>\n\t\t\t\t<\/div>\n\t\t\t\t<\/div>\n\t\t\t\t<\/div>\n\t\t<div class=\"elementor-element elementor-element-875c105 e-con-full e-flex e-con e-parent\" data-id=\"875c105\" data-element_type=\"container\" data-e-type=\"container\">\n\t\t\t\t<div class=\"elementor-element elementor-element-ebf7c4a elementor-widget elementor-widget-heading\" data-id=\"ebf7c4a\" data-element_type=\"widget\" data-e-type=\"widget\" data-widget_type=\"heading.default\">\n\t\t\t\t<div class=\"elementor-widget-container\">\n\t\t\t\t\t<h2 class=\"elementor-heading-title elementor-size-default\">DEKARBONIZUJTE VA\u0160U S\u00daSTAVU CZT BEZPLATNE<\/h2>\t\t\t\t<\/div>\n\t\t\t\t<\/div>\n\t\t\t\t<div class=\"elementor-element elementor-element-2ab6d98 elementor-widget-divider--view-line elementor-invisible elementor-widget elementor-widget-divider\" data-id=\"2ab6d98\" data-element_type=\"widget\" data-e-type=\"widget\" data-settings=\"{&quot;_animation&quot;:&quot;slideInLeft&quot;}\" data-widget_type=\"divider.default\">\n\t\t\t\t<div class=\"elementor-widget-container\">\n\t\t\t\t\t\t\t<div class=\"elementor-divider\">\n\t\t\t<span class=\"elementor-divider-separator\">\n\t\t\t\t\t\t<\/span>\n\t\t<\/div>\n\t\t\t\t\t\t<\/div>\n\t\t\t\t<\/div>\n\t\t\t\t<div class=\"elementor-element elementor-element-61cf57f elementor-align-center elementor-invisible elementor-widget elementor-widget-button\" data-id=\"61cf57f\" data-element_type=\"widget\" data-e-type=\"widget\" data-settings=\"{&quot;_animation&quot;:&quot;slideInDown&quot;}\" data-widget_type=\"button.default\">\n\t\t\t\t<div class=\"elementor-widget-container\">\n\t\t\t\t\t\t\t\t\t<div class=\"elementor-button-wrapper\">\n\t\t\t\t\t<a class=\"elementor-button elementor-button-link elementor-size-sm\" href=\"https:\/\/low2highdh.eu\/sk\/download\/1234\/?tmstv=1725969275\">\n\t\t\t\t\t\t<span class=\"elementor-button-content-wrapper\">\n\t\t\t\t\t\t\t\t\t<span class=\"elementor-button-text\"> Stiahnite si bro\u017e\u00faru<\/span>\n\t\t\t\t\t<\/span>\n\t\t\t\t\t<\/a>\n\t\t\t\t<\/div>\n\t\t\t\t\t\t\t\t<\/div>\n\t\t\t\t<\/div>\n\t\t\t\t<div class=\"elementor-element elementor-element-bc3ebd7 elementor-widget elementor-widget-text-editor\" data-id=\"bc3ebd7\" data-element_type=\"widget\" data-e-type=\"widget\" data-widget_type=\"text-editor.default\">\n\t\t\t\t<div class=\"elementor-widget-container\">\n\t\t\t\t\t\t\t\t\t<p><strong>Vyz\u00fdvame prev\u00e1dzkovate\u013eov dia\u013ekov\u00e9ho vykurovania z Litvy, Po\u013eska a Slovenska, aby sa uch\u00e1dzali o podporu pri zav\u00e1dzan\u00ed n\u00edzkoenergetick\u00fdch technol\u00f3gi\u00ed a technol\u00f3gi\u00ed vyu\u017e\u00edvaj\u00facich odpadov\u00e9 teplo.<\/strong><br \/><strong>Nezme\u0161kajte t\u00fato pr\u00edle\u017eitos\u0165 z\u00edska\u0165 technick\u00fa pomoc na mieru a zapoji\u0165 sa do prechodu na udr\u017eate\u013en\u00e9, n\u00edzkouhl\u00edkov\u00e9 dia\u013ekov\u00e9 vykurovanie.<\/strong><br \/><strong><a href=\"https:\/\/ec.europa.eu\/eusurvey\/runner\/2ndCfA_L2H\">Prihl\u00e1ste sa teraz<\/a> a zdie\u013eajte podrobnosti o svojej str\u00e1nke!<\/strong><br \/><strong>V pr\u00edpade ot\u00e1zok n\u00e1s kontaktujte na adrese\u00a0<a href=\"mailto:contact@low2highdh.eu\">contact@low2highdh.eu<\/a><\/strong><\/p>\t\t\t\t\t\t\t\t<\/div>\n\t\t\t\t<\/div>\n\t\t\t\t<div class=\"elementor-element elementor-element-ff5faa3 elementor-widget elementor-widget-text-editor\" data-id=\"ff5faa3\" data-element_type=\"widget\" data-e-type=\"widget\" data-widget_type=\"text-editor.default\">\n\t\t\t\t<div class=\"elementor-widget-container\">\n\t\t\t\t\t\t\t\t\t<p><strong><br \/><\/strong><strong>Dekarboniz\u00e1cia va\u0161ej lokality DH <\/strong><\/p><p>Ste pripraven\u00ed zmeni\u0165 svoje dia\u013ekov\u00e9 vykurovanie <strong>ZADARMO<\/strong>? Nenechajte si ujs\u0165 t\u00fato jedine\u010dn\u00fa pr\u00edle\u017eitos\u0165 prida\u0165 sa k vybranej skupine miest s dia\u013ekov\u00fdm vykurovan\u00edm, ktor\u00e9 ved\u00fa k zmene smerom k ekologickej\u0161ej bud\u00facnosti.<\/p><p>Ak vlastn\u00edte alebo spravujete z\u00e1vod na v\u00fdrobu tepla, ktor\u00fd spotreb\u00fava ve\u013ek\u00e9 mno\u017estvo uhlia alebo plynu a chcete zavies\u0165 ekologick\u00e9 technol\u00f3gie, je to pre v\u00e1s pr\u00edle\u017eitos\u0165.\u00a0<\/p><p>Na tento \u00fa\u010del vyz\u00fdvame tepl\u00e1rne v t\u00fdchto krajin\u00e1ch, aby sa zapojili do na\u0161ej v\u00fdzvy na predkladanie \u017eiadost\u00ed.<\/p><p>\u00daspe\u0161n\u00ed \u017eiadatelia z\u00edskaj\u00fa bezplatn\u00e9 odborn\u00e9 poradenstvo a rie\u0161enia \u0161it\u00e9 na mieru s cie\u013eom zv\u00fd\u0161i\u0165 svoju energetick\u00fa \u00fa\u010dinnos\u0165 a prejs\u0165 na udr\u017eate\u013enej\u0161iu bud\u00facnos\u0165.<\/p><p>Prihl\u00e1ste sa teraz a z\u00edskajte pr\u00edstup k odborn\u00fdm znalostiam a zdrojom, ktor\u00e9 potrebujete na transform\u00e1ciu svojich energetick\u00fdch syst\u00e9mov.<\/p>\t\t\t\t\t\t\t\t<\/div>\n\t\t\t\t<\/div>\n\t\t\t\t<div class=\"elementor-element elementor-element-01a8694 elementor-widget-divider--view-line elementor-invisible elementor-widget elementor-widget-divider\" data-id=\"01a8694\" data-element_type=\"widget\" data-e-type=\"widget\" data-settings=\"{&quot;_animation&quot;:&quot;slideInLeft&quot;}\" data-widget_type=\"divider.default\">\n\t\t\t\t<div class=\"elementor-widget-container\">\n\t\t\t\t\t\t\t<div class=\"elementor-divider\">\n\t\t\t<span class=\"elementor-divider-separator\">\n\t\t\t\t\t\t<\/span>\n\t\t<\/div>\n\t\t\t\t\t\t<\/div>\n\t\t\t\t<\/div>\n\t\t\t\t<\/div>\n\t\t<div class=\"elementor-element elementor-element-373be78 e-con-full e-flex e-con e-parent\" data-id=\"373be78\" data-element_type=\"container\" data-e-type=\"container\">\n\t\t<div class=\"elementor-element elementor-element-7524dbe e-con-full e-flex e-con e-child\" data-id=\"7524dbe\" data-element_type=\"container\" data-e-type=\"container\">\n\t\t\t\t<div class=\"elementor-element elementor-element-88c40de elementor-invisible elementor-widget elementor-widget-text-editor\" data-id=\"88c40de\" data-element_type=\"widget\" data-e-type=\"widget\" data-settings=\"{&quot;_animation&quot;:&quot;slideInLeft&quot;}\" data-widget_type=\"text-editor.default\">\n\t\t\t\t<div class=\"elementor-widget-container\">\n\t\t\t\t\t\t\t\t\t<p><strong>Pre\u010do sa prihl\u00e1si\u0165?<\/strong><\/p><ul><li><strong>Nach\u00e1dza sa va\u0161a lokalita dia\u013ekov\u00e9ho vykurovania v Litve, Po\u013esku alebo na Slovensku?<\/strong><\/li><li><strong>H\u013ead\u00e1te odborn\u00e9 poradenstvo na bezplatn\u00fa dekarboniz\u00e1ciu va\u0161ich vykurovac\u00edch syst\u00e9mov?<\/strong><\/li><li><strong>Chcete individu\u00e1lny pl\u00e1n technick\u00fdch rie\u0161en\u00ed vr\u00e1tane zelen\u00fdch technol\u00f3gi\u00ed navrhnut\u00fd pod\u013ea \u0161pecifick\u00fdch potrieb va\u0161ej lokality?<\/strong><\/li><li><strong>Vyu\u017eili by ste podrobn\u00fd investi\u010dn\u00fd pl\u00e1n na zabezpe\u010denie finan\u010dnej \u017eivotaschopnosti v\u00e1\u0161ho projektu?<\/strong><\/li><li><strong>M\u00e1te z\u00e1ujem o spolupr\u00e1cu s projektom LIFE financovan\u00fdm Eur\u00f3pskou komisiou, aby ste sa spojili s finan\u010dn\u00fdmi in\u0161tit\u00faciami a dot\u00e1ciami s cie\u013eom zabezpe\u010di\u0165 financovanie?<\/strong><\/li><\/ul><div><b>\u00a0<\/b><\/div><p>Ak ste na niektor\u00fa z t\u00fdchto ot\u00e1zok odpovedali \"\u00c1NO\", projekt Low2HighDH je tu, aby v\u00e1m v\u010faka finan\u010dn\u00fdm prostriedkom Eur\u00f3pskej komisie bezplatne pomohol dosiahnu\u0165 va\u0161e ciele v oblasti udr\u017eate\u013enosti.<\/p><p>Informujte n\u00e1s o svojom pr\u00edpade - <a href=\"mailto:contact@low2highdh.eu\"><strong>contact@low2highdh.eu<\/strong><\/a>.<\/p>\t\t\t\t\t\t\t\t<\/div>\n\t\t\t\t<\/div>\n\t\t\t\t<\/div>\n\t\t<div class=\"elementor-element elementor-element-a48ab3c e-con-full column-image-call-for-appliation e-flex e-con e-child\" data-id=\"a48ab3c\" data-element_type=\"container\" data-e-type=\"container\" data-settings=\"{&quot;background_background&quot;:&quot;classic&quot;}\">\n\t\t\t\t<\/div>\n\t\t\t\t<\/div>\n\t\t<div class=\"elementor-element elementor-element-55126ba e-con-full e-flex e-con e-parent\" data-id=\"55126ba\" data-element_type=\"container\" data-e-type=\"container\">\n\t\t<div class=\"elementor-element elementor-element-fc86d43 e-con-full column-image-call-for-appliation e-flex e-con e-child\" data-id=\"fc86d43\" data-element_type=\"container\" data-e-type=\"container\" data-settings=\"{&quot;background_background&quot;:&quot;classic&quot;}\">\n\t\t\t\t<\/div>\n\t\t<div class=\"elementor-element elementor-element-23360b5 e-con-full e-flex e-con e-child\" data-id=\"23360b5\" data-element_type=\"container\" data-e-type=\"container\">\n\t\t\t\t<div class=\"elementor-element elementor-element-c922075 elementor-invisible elementor-widget elementor-widget-text-editor\" data-id=\"c922075\" data-element_type=\"widget\" data-e-type=\"widget\" data-settings=\"{&quot;_animation&quot;:&quot;slideInRight&quot;}\" data-widget_type=\"text-editor.default\">\n\t\t\t\t<div class=\"elementor-widget-container\">\n\t\t\t\t\t\t\t\t\t<p><strong>Na\u0161a ponuka:<\/strong><\/p><p>\u00da\u010das\u0165ou v projekte Low2HighDH z\u00edskate:<\/p><ul><li><strong>Spojenie s finan\u010dn\u00fdmi in\u0161tit\u00faciami:<\/strong>\u00a0pomoc pri kontakte s bankami, investormi, ktor\u00ed maj\u00fa z\u00e1ujem podporova\u0165 projekty udr\u017eate\u013enej energie, a pri h\u013eadan\u00ed dot\u00e1ci\u00ed, ktor\u00e9 s\u00fa vhodn\u00e9 pre v\u00e1\u0161 projekt.<\/li><li><strong>Komplexn\u00fd technick\u00fd pl\u00e1n<\/strong>: Odpor\u00fa\u010dania \u0161it\u00e9 na mieru pre integr\u00e1ciu n\u00edzkoenergetick\u00fdch technol\u00f3gi\u00ed a technol\u00f3gi\u00ed odpadov\u00e9ho tepla do va\u0161ich existuj\u00facich syst\u00e9mov.<\/li><li><strong>Investi\u010dn\u00e1 strat\u00e9gia:<\/strong>\u00a0Podrobn\u00fd pl\u00e1n s finan\u010dn\u00fdmi po\u017eiadavkami a potenci\u00e1lnymi zdrojmi financovania v\u00e1\u0161ho projektu.<\/li><\/ul><div>\u00a0<\/div><div><p>Podajte prihl\u00e1\u0161ku e\u0161te dnes a sta\u0148te sa s\u00fa\u010das\u0165ou projektu Low2HighDH!<\/p><p>Informujte n\u00e1s o svojom pr\u00edpade e-mailom (<span style=\"font-weight: bolder;\"><a href=\"mailto:contact@low2highdh.eu\">contact@low2highdh.eu<\/a><\/span>) alebo prostredn\u00edctvom<span style=\"font-weight: bolder;\">\u00a0<\/span><a href=\"https:\/\/ec.europa.eu\/eusurvey\/runner\/2ndCfA_L2H\"><span style=\"font-weight: bolder;\">formul\u00e1r \u017eiadosti.<\/span><\/a><\/p><\/div>\t\t\t\t\t\t\t\t<\/div>\n\t\t\t\t<\/div>\n\t\t\t\t<\/div>\n\t\t\t\t<\/div>\n\t\t<div class=\"elementor-element elementor-element-78bfb93 e-flex e-con-boxed e-con e-parent\" data-id=\"78bfb93\" data-element_type=\"container\" data-e-type=\"container\" data-settings=\"{&quot;background_background&quot;:&quot;classic&quot;}\">\n\t\t\t\t\t<div class=\"e-con-inner\">\n\t\t\t\t<div class=\"elementor-element elementor-element-ca4cadb elementor-widget elementor-widget-heading\" data-id=\"ca4cadb\" data-element_type=\"widget\" data-e-type=\"widget\" data-widget_type=\"heading.default\">\n\t\t\t\t<div class=\"elementor-widget-container\">\n\t\t\t\t\t<h3 class=\"elementor-heading-title elementor-size-default\">Ozn\u00e1menie o ochrane \u00fadajov\n<\/h3>\t\t\t\t<\/div>\n\t\t\t\t<\/div>\n\t\t\t\t<div class=\"elementor-element elementor-element-138ff0e elementor-widget elementor-widget-text-editor\" data-id=\"138ff0e\" data-element_type=\"widget\" data-e-type=\"widget\" data-widget_type=\"text-editor.default\">\n\t\t\t\t<div class=\"elementor-widget-container\">\n\t\t\t\t\t\t\t\t\t<p>Tento prieskum je s\u00fa\u010das\u0165ou projektu Low2HighDH spolufinancovan\u00e9ho z programu E\u00da LIFE (LIFE-101120865). Zhroma\u017e\u010fujeme kontaktn\u00e9 \u00fadaje a v\u0161eobecn\u00e9 inform\u00e1cie o syst\u00e9moch dia\u013ekov\u00e9ho vykurovania (DHS), aby sme pomohli vybra\u0165 DHS, ktor\u00e9 projekt podpor\u00ed v ich procese dekarboniz\u00e1cie.<br \/><br \/>Va\u0161e \u00fadaje sa sprac\u00favaj\u00fa v s\u00falade so v\u0161eobecn\u00fdm nariaden\u00edm E\u00da o ochrane \u00fadajov (GDPR). Bud\u00fa:<br \/>- Pou\u017ei\u0165 len na \u00fa\u010dely tohto projektu<br \/>- by\u0165 bezpe\u010dne ulo\u017een\u00e9 a nezdie\u013ean\u00e9 mimo projektov\u00e9ho konzorcia.<br \/>- uchov\u00e1va\u0165 len tak dlho, ako je to potrebn\u00e9 pre projektov\u00e9 \u010dinnosti a pod\u00e1vanie spr\u00e1v.<br \/><br \/>M\u00e1te pr\u00e1vo kedyko\u013evek z\u00edska\u0165 pr\u00edstup k svojim \u00fadajom, opravi\u0165 ich alebo vymaza\u0165. V pr\u00edpade ot\u00e1zok kontaktujte Lazarinu Dimitrov\u00fa, mana\u017e\u00e9rku pre komunik\u00e1ciu projektu Europroject na adrese\u00a0<a href=\"mailto:lazarina.dimitrova@europroject.bg\">lazarina.dimitrova@europroject.bg<\/a>.<br \/><br \/>Odoslan\u00edm prieskumu s\u00fahlas\u00edte s tak\u00fdmto pou\u017eit\u00edm va\u0161ich \u00fadajov.<\/p>\t\t\t\t\t\t\t\t<\/div>\n\t\t\t\t<\/div>\n\t\t\t\t\t<\/div>\n\t\t\t\t<\/div>\n\t\t\t\t<\/div>","protected":false},"excerpt":{"rendered":"<p>CALL FOR APPLICATIONS CLOSED Low2HighDH aims to support district heating operators in Lithuania, Poland, and Slovakia by integrating low-grade and waste heat technologies into their systems, aiding them in meeting their decarbonisation goals. To achieve this, the project requires active engagement from high-temperature district heating sites and will evaluate prospective participants through a Call for [&hellip;]<\/p>\n","protected":false},"author":1,"featured_media":0,"parent":0,"menu_order":0,"comment_status":"closed","ping_status":"closed","template":"elementor_header_footer","meta":{"footnotes":""},"class_list":["post-1015","page","type-page","status-publish","hentry"],"_links":{"self":[{"href":"https:\/\/low2highdh.eu\/sk\/wp-json\/wp\/v2\/pages\/1015","targetHints":{"allow":["GET"]}}],"collection":[{"href":"https:\/\/low2highdh.eu\/sk\/wp-json\/wp\/v2\/pages"}],"about":[{"href":"https:\/\/low2highdh.eu\/sk\/wp-json\/wp\/v2\/types\/page"}],"author":[{"embeddable":true,"href":"https:\/\/low2highdh.eu\/sk\/wp-json\/wp\/v2\/users\/1"}],"replies":[{"embeddable":true,"href":"https:\/\/low2highdh.eu\/sk\/wp-json\/wp\/v2\/comments?post=1015"}],"version-history":[{"count":0,"href":"https:\/\/low2highdh.eu\/sk\/wp-json\/wp\/v2\/pages\/1015\/revisions"}],"wp:attachment":[{"href":"https:\/\/low2highdh.eu\/sk\/wp-json\/wp\/v2\/media?parent=1015"}],"curies":[{"name":"wp","href":"https:\/\/api.w.org\/{rel}","templated":true}]}}