{"id":987,"date":"2024-07-25T12:37:03","date_gmt":"2024-07-25T12:37:03","guid":{"rendered":"https:\/\/low2highdh.eu\/?page_id=987"},"modified":"2025-04-11T11:26:27","modified_gmt":"2025-04-11T11:26:27","slug":"technical-solutions","status":"publish","type":"page","link":"https:\/\/low2highdh.eu\/pl\/technical-solutions\/","title":{"rendered":"Rozwi\u0105zania techniczne"},"content":{"rendered":"<div data-elementor-type=\"wp-page\" data-elementor-id=\"987\" class=\"elementor elementor-987\" data-elementor-post-type=\"page\">\n\t\t\t\t<div class=\"elementor-element elementor-element-3e75609 e-flex e-con-boxed e-con e-parent\" data-id=\"3e75609\" data-element_type=\"container\" data-e-type=\"container\" data-settings=\"{&quot;background_background&quot;:&quot;classic&quot;}\">\n\t\t\t\t\t<div class=\"e-con-inner\">\n\t\t\t\t<div class=\"elementor-element elementor-element-4e76ddc elementor-widget elementor-widget-heading\" data-id=\"4e76ddc\" data-element_type=\"widget\" data-e-type=\"widget\" data-widget_type=\"heading.default\">\n\t\t\t\t<div class=\"elementor-widget-container\">\n\t\t\t\t\t<h2 class=\"elementor-heading-title elementor-size-default\">Rozwi\u0105zania techniczne<\/h2>\t\t\t\t<\/div>\n\t\t\t\t<\/div>\n\t\t\t\t\t<\/div>\n\t\t\t\t<\/div>\n\t\t<div class=\"elementor-element elementor-element-4aace6f e-flex e-con-boxed e-con e-parent\" data-id=\"4aace6f\" data-element_type=\"container\" data-e-type=\"container\">\n\t\t\t\t\t<div class=\"e-con-inner\">\n\t\t\t\t<div class=\"elementor-element elementor-element-a920fd3 elementor-widget elementor-widget-text-editor\" data-id=\"a920fd3\" data-element_type=\"widget\" data-e-type=\"widget\" data-widget_type=\"text-editor.default\">\n\t\t\t\t<div class=\"elementor-widget-container\">\n\t\t\t\t\t\t\t\t\t<p><\/p><p><strong>Rozwi\u0105zania techniczne<\/strong> Przewidujemy integracj\u0119 niskotemperaturowych OZE w instalacjach ciep\u0142owniczych z pompami ciep\u0142a jako technologi\u0105 wspomagaj\u0105c\u0105. Pompy ciep\u0142a mog\u0105 podnie\u015b\u0107 nisk\u0105 temperatur\u0119 (a tym samym nisk\u0105 jako\u015b\u0107) \u017ar\u00f3de\u0142 ciep\u0142a do wy\u017cszych poziom\u00f3w temperatury lub do produkcji ch\u0142odu. Spr\u0119\u017carkowe pompy ciep\u0142a wykorzystuj\u0105 energi\u0119 elektryczn\u0105 do modernizacji niskotemperaturowego \u017ar\u00f3d\u0142a ciep\u0142a, wykorzystuj\u0105c spr\u0119\u017cark\u0119 mechaniczn\u0105 pracuj\u0105c\u0105 na czynniku ch\u0142odniczym.<\/p><p>Elektryczne pompy ciep\u0142a w systemie energetycznym odgrywaj\u0105 kluczow\u0105 rol\u0119, poniewa\u017c pozwalaj\u0105 na podniesienie temperatury z niskiego do wysokiego poziomu (np. podniesienie temperatury) i \u0142\u0105cz\u0105 sektory energii elektrycznej i ogrzewania\/ch\u0142odzenia. W systemie zdominowanym przez OZE pompy ciep\u0142a umo\u017cliwiaj\u0105 po\u0142\u0105czenie sektor\u00f3w energii cieplnej i elektrycznej. Mianowicie, je\u015bli ca\u0142a energia elektryczna wykorzystywana przez spr\u0119\u017cark\u0119 pompy ciep\u0142a jest wytwarzana przez OZE, energi\u0119 dostarczan\u0105 do pompy ciep\u0142a mo\u017cna uzna\u0107 za czyst\u0105. Co wi\u0119cej, pompa ciep\u0142a pozwala na modernizacj\u0119 niskotemperaturowych (np. ze \u017ar\u00f3de\u0142 OZE, takich jak energia s\u0142oneczna lub ciep\u0142o odpadowe, takie jak centra danych) do wysokotemperaturowych \u017ar\u00f3de\u0142 energii w celu integracji z wysokotemperaturow\u0105 sieci\u0105 ciep\u0142ownicz\u0105 (lub w najnowszej generacji DHC), wspieraj\u0105c globaln\u0105 efektywno\u015b\u0107 energetyczn\u0105 systemu.<\/p><p><\/p>\t\t\t\t\t\t\t\t<\/div>\n\t\t\t\t<\/div>\n\t\t\t\t<div class=\"elementor-element elementor-element-664a5f9 elementor-widget__width-initial elementor-widget elementor-widget-video\" data-id=\"664a5f9\" data-element_type=\"widget\" data-e-type=\"widget\" data-settings=\"{&quot;youtube_url&quot;:&quot;https:\\\/\\\/www.youtube.com\\\/watch?v=gnq2INQ1vAw&quot;,&quot;video_type&quot;:&quot;youtube&quot;,&quot;controls&quot;:&quot;yes&quot;}\" data-widget_type=\"video.default\">\n\t\t\t\t<div class=\"elementor-widget-container\">\n\t\t\t\t\t\t\t<div class=\"elementor-wrapper elementor-open-inline\">\n\t\t\t<div class=\"elementor-video\"><\/div>\t\t<\/div>\n\t\t\t\t\t\t<\/div>\n\t\t\t\t<\/div>\n\t\t\t\t\t<\/div>\n\t\t\t\t<\/div>\n\t\t\t\t<\/div>","protected":false},"excerpt":{"rendered":"<p>Technical solutions The technical solutions we envision to integrate low-grade RES in DH facilities have heat pumps as the enabling technology. Heat pumps can upgrade low temperature (and therefore low-grade) heat sources to higher temperature levels or to produce cold. Compression heat pumps use electricity to upgrade a low-temperature heat source, using a mechanical compressor [&hellip;]<\/p>\n","protected":false},"author":1,"featured_media":0,"parent":0,"menu_order":0,"comment_status":"closed","ping_status":"closed","template":"elementor_header_footer","meta":{"footnotes":""},"class_list":["post-987","page","type-page","status-publish","hentry"],"_links":{"self":[{"href":"https:\/\/low2highdh.eu\/pl\/wp-json\/wp\/v2\/pages\/987","targetHints":{"allow":["GET"]}}],"collection":[{"href":"https:\/\/low2highdh.eu\/pl\/wp-json\/wp\/v2\/pages"}],"about":[{"href":"https:\/\/low2highdh.eu\/pl\/wp-json\/wp\/v2\/types\/page"}],"author":[{"embeddable":true,"href":"https:\/\/low2highdh.eu\/pl\/wp-json\/wp\/v2\/users\/1"}],"replies":[{"embeddable":true,"href":"https:\/\/low2highdh.eu\/pl\/wp-json\/wp\/v2\/comments?post=987"}],"version-history":[{"count":0,"href":"https:\/\/low2highdh.eu\/pl\/wp-json\/wp\/v2\/pages\/987\/revisions"}],"wp:attachment":[{"href":"https:\/\/low2highdh.eu\/pl\/wp-json\/wp\/v2\/media?parent=987"}],"curies":[{"name":"wp","href":"https:\/\/api.w.org\/{rel}","templated":true}]}}