{"id":1015,"date":"2024-07-26T09:41:54","date_gmt":"2024-07-26T09:41:54","guid":{"rendered":"https:\/\/low2highdh.eu\/?page_id=1015"},"modified":"2026-01-13T12:44:11","modified_gmt":"2026-01-13T12:44:11","slug":"call-for-applications","status":"publish","type":"page","link":"https:\/\/low2highdh.eu\/pl\/call-for-applications\/","title":{"rendered":"Zaproszenie do sk\u0142adania wniosk\u00f3w"},"content":{"rendered":"<div data-elementor-type=\"wp-page\" data-elementor-id=\"1015\" class=\"elementor elementor-1015\" data-elementor-post-type=\"page\">\n\t\t\t\t<div class=\"elementor-element elementor-element-04342f6 e-con-full e-flex e-con e-parent\" data-id=\"04342f6\" data-element_type=\"container\" data-e-type=\"container\">\n\t\t<div class=\"elementor-element elementor-element-24b53b1 e-con-full e-flex e-con e-child\" data-id=\"24b53b1\" data-element_type=\"container\" data-e-type=\"container\" data-settings=\"{&quot;background_background&quot;:&quot;classic&quot;}\">\n\t\t\t\t<div class=\"elementor-element elementor-element-521b992 elementor-invisible elementor-widget elementor-widget-heading\" data-id=\"521b992\" data-element_type=\"widget\" data-e-type=\"widget\" data-settings=\"{&quot;_animation&quot;:&quot;slideInLeft&quot;}\" data-widget_type=\"heading.default\">\n\t\t\t\t<div class=\"elementor-widget-container\">\n\t\t\t\t\t<h2 class=\"elementor-heading-title elementor-size-default\">ZAPROSZENIE DO SK\u0141ADANIA WNIOSK\u00d3W<\/h2>\t\t\t\t<\/div>\n\t\t\t\t<\/div>\n\t\t\t\t<div class=\"elementor-element elementor-element-af06e22 elementor-invisible elementor-widget elementor-widget-heading\" data-id=\"af06e22\" data-element_type=\"widget\" data-e-type=\"widget\" data-settings=\"{&quot;_animation&quot;:&quot;slideInLeft&quot;}\" data-widget_type=\"heading.default\">\n\t\t\t\t<div class=\"elementor-widget-container\">\n\t\t\t\t\t<h2 class=\"elementor-heading-title elementor-size-default\">ZAMKNI\u0118TE<\/h2>\t\t\t\t<\/div>\n\t\t\t\t<\/div>\n\t\t\t\t<\/div>\n\t\t<div class=\"elementor-element elementor-element-534266e e-con-full e-flex e-con e-child\" data-id=\"534266e\" data-element_type=\"container\" data-e-type=\"container\" data-settings=\"{&quot;background_background&quot;:&quot;classic&quot;}\">\n\t\t\t\t<div class=\"elementor-element elementor-element-0efa355 elementor-invisible elementor-widget elementor-widget-text-editor\" data-id=\"0efa355\" data-element_type=\"widget\" data-e-type=\"widget\" data-settings=\"{&quot;_animation&quot;:&quot;slideInRight&quot;}\" data-widget_type=\"text-editor.default\">\n\t\t\t\t<div class=\"elementor-widget-container\">\n\t\t\t\t\t\t\t\t\t<p>Low2HighDH ma na celu wsparcie operator\u00f3w sieci ciep\u0142owniczych na Litwie, w Polsce i na S\u0142owacji poprzez integracj\u0119 technologii ciep\u0142a niskotemperaturowego i odpadowego z ich systemami, pomagaj\u0105c im w osi\u0105gni\u0119ciu cel\u00f3w dekarbonizacji. Aby to osi\u0105gn\u0105\u0107, projekt wymaga aktywnego zaanga\u017cowania ze strony wysokotemperaturowych zak\u0142ad\u00f3w ciep\u0142owniczych i oceni potencjalnych uczestnik\u00f3w poprzez zaproszenie do sk\u0142adania wniosk\u00f3w.\u00a0<\/p><p>Aplikacja zostanie przeprowadzona poprzez wype\u0142nienie internetowego formularza zg\u0142oszeniowego, kt\u00f3ry zgromadzi wszystkie istotne informacje, kt\u00f3re zostan\u0105 wykorzystane do oceny kandydat\u00f3w. Nast\u0119pnie konsorcjum wykorzysta kryteria wyboru, aby wybra\u0107 najbardziej odpowiednich kandydat\u00f3w. Na koniec z wybranymi kandydatami skontaktuje si\u0119 partner konsorcjum odpowiedzialny za zapewnienie konkretnego wsparcia w celu zdefiniowania instrumentu wsparcia i sformalizowania umowy o wsp\u00f3\u0142pracy.<\/p>\t\t\t\t\t\t\t\t<\/div>\n\t\t\t\t<\/div>\n\t\t\t\t<div class=\"elementor-element elementor-element-537dc6f blinking-effect elementor-widget__width-initial elementor-hidden-desktop elementor-hidden-tablet elementor-hidden-mobile elementor-widget elementor-widget-button\" data-id=\"537dc6f\" data-element_type=\"widget\" data-e-type=\"widget\" data-widget_type=\"button.default\">\n\t\t\t\t<div class=\"elementor-widget-container\">\n\t\t\t\t\t\t\t\t\t<div class=\"elementor-button-wrapper\">\n\t\t\t\t\t<a class=\"elementor-button elementor-button-link elementor-size-sm\" href=\"https:\/\/ec.europa.eu\/eusurvey\/runner\/2ndCfA_L2H\">\n\t\t\t\t\t\t<span class=\"elementor-button-content-wrapper\">\n\t\t\t\t\t\t\t\t\t<span class=\"elementor-button-text\">APLIKUJ TERAZ<\/span>\n\t\t\t\t\t<\/span>\n\t\t\t\t\t<\/a>\n\t\t\t\t<\/div>\n\t\t\t\t\t\t\t\t<\/div>\n\t\t\t\t<\/div>\n\t\t\t\t<\/div>\n\t\t\t\t<\/div>\n\t\t<div class=\"elementor-element elementor-element-875c105 e-con-full e-flex e-con e-parent\" data-id=\"875c105\" data-element_type=\"container\" data-e-type=\"container\">\n\t\t\t\t<div class=\"elementor-element elementor-element-ebf7c4a elementor-widget elementor-widget-heading\" data-id=\"ebf7c4a\" data-element_type=\"widget\" data-e-type=\"widget\" data-widget_type=\"heading.default\">\n\t\t\t\t<div class=\"elementor-widget-container\">\n\t\t\t\t\t<h2 class=\"elementor-heading-title elementor-size-default\">DEKARBONIZACJA WITRYNY DH ZA DARMO<\/h2>\t\t\t\t<\/div>\n\t\t\t\t<\/div>\n\t\t\t\t<div class=\"elementor-element elementor-element-2ab6d98 elementor-widget-divider--view-line elementor-invisible elementor-widget elementor-widget-divider\" data-id=\"2ab6d98\" data-element_type=\"widget\" data-e-type=\"widget\" data-settings=\"{&quot;_animation&quot;:&quot;slideInLeft&quot;}\" data-widget_type=\"divider.default\">\n\t\t\t\t<div class=\"elementor-widget-container\">\n\t\t\t\t\t\t\t<div class=\"elementor-divider\">\n\t\t\t<span class=\"elementor-divider-separator\">\n\t\t\t\t\t\t<\/span>\n\t\t<\/div>\n\t\t\t\t\t\t<\/div>\n\t\t\t\t<\/div>\n\t\t\t\t<div class=\"elementor-element elementor-element-61cf57f elementor-align-center elementor-invisible elementor-widget elementor-widget-button\" data-id=\"61cf57f\" data-element_type=\"widget\" data-e-type=\"widget\" data-settings=\"{&quot;_animation&quot;:&quot;slideInDown&quot;}\" data-widget_type=\"button.default\">\n\t\t\t\t<div class=\"elementor-widget-container\">\n\t\t\t\t\t\t\t\t\t<div class=\"elementor-button-wrapper\">\n\t\t\t\t\t<a class=\"elementor-button elementor-button-link elementor-size-sm\" href=\"https:\/\/low2highdh.eu\/pl\/download\/1234\/?tmstv=1725969275\">\n\t\t\t\t\t\t<span class=\"elementor-button-content-wrapper\">\n\t\t\t\t\t\t\t\t\t<span class=\"elementor-button-text\"> Pobierz broszur\u0119<\/span>\n\t\t\t\t\t<\/span>\n\t\t\t\t\t<\/a>\n\t\t\t\t<\/div>\n\t\t\t\t\t\t\t\t<\/div>\n\t\t\t\t<\/div>\n\t\t\t\t<div class=\"elementor-element elementor-element-bc3ebd7 elementor-widget elementor-widget-text-editor\" data-id=\"bc3ebd7\" data-element_type=\"widget\" data-e-type=\"widget\" data-widget_type=\"text-editor.default\">\n\t\t\t\t<div class=\"elementor-widget-container\">\n\t\t\t\t\t\t\t\t\t<p><strong>Zapraszamy operator\u00f3w sieci ciep\u0142owniczych z Litwy, Polski i S\u0142owacji do ubiegania si\u0119 o wsparcie w zakresie wdra\u017cania technologii niskosprawnych i ciep\u0142a odpadowego.<\/strong><br \/><strong>Nie przegap tej okazji, aby otrzyma\u0107 dostosowan\u0105 do potrzeb pomoc techniczn\u0105 i przy\u0142\u0105czy\u0107 si\u0119 do przej\u015bcia na zr\u00f3wnowa\u017cone, niskoemisyjne ciep\u0142ownictwo komunalne.<\/strong><br \/><strong><a href=\"https:\/\/ec.europa.eu\/eusurvey\/runner\/2ndCfA_L2H\">Aplikuj teraz<\/a> i podziel si\u0119 szczeg\u00f3\u0142ami swojej strony!<\/strong><br \/><strong>W razie pyta\u0144 prosimy o kontakt pod adresem\u00a0<a href=\"mailto:contact@low2highdh.eu\">contact@low2highdh.eu<\/a><\/strong><\/p>\t\t\t\t\t\t\t\t<\/div>\n\t\t\t\t<\/div>\n\t\t\t\t<div class=\"elementor-element elementor-element-ff5faa3 elementor-widget elementor-widget-text-editor\" data-id=\"ff5faa3\" data-element_type=\"widget\" data-e-type=\"widget\" data-widget_type=\"text-editor.default\">\n\t\t\t\t<div class=\"elementor-widget-container\">\n\t\t\t\t\t\t\t\t\t<p><strong><br \/><\/strong><strong>Dekarbonizacja witryny DH <\/strong><\/p><p>Gotowo\u015b\u0107 do przekszta\u0142cenia sieci ciep\u0142owniczej <strong>ZA DARMO<\/strong>? Nie przegap tej wyj\u0105tkowej okazji, aby do\u0142\u0105czy\u0107 do wybranej grupy zak\u0142ad\u00f3w ciep\u0142owniczych prowadz\u0105cych zmiany w kierunku bardziej ekologicznej przysz\u0142o\u015bci.<\/p><p>Je\u015bli jeste\u015b w\u0142a\u015bcicielem lub zarz\u0105dzasz zak\u0142adem ciep\u0142owniczym, zu\u017cywaj\u0105cym du\u017ce ilo\u015bci w\u0119gla lub gazu i chcesz wdro\u017cy\u0107 zielone technologie, jest to szansa dla Ciebie.\u00a0<\/p><p>Aby to osi\u0105gn\u0105\u0107, zapraszamy zak\u0142ady ciep\u0142ownicze w tych krajach do udzia\u0142u w naszym zaproszeniu do sk\u0142adania wniosk\u00f3w.<\/p><p>Wybrani kandydaci otrzymaj\u0105 bezp\u0142atne porady ekspert\u00f3w i dostosowane rozwi\u0105zania w celu zwi\u0119kszenia efektywno\u015bci energetycznej i przej\u015bcia na bardziej zr\u00f3wnowa\u017con\u0105 przysz\u0142o\u015b\u0107.<\/p><p>Z\u0142\u00f3\u017c wniosek ju\u017c teraz i uzyskaj dost\u0119p do specjalistycznej wiedzy i zasob\u00f3w potrzebnych do przekszta\u0142cenia system\u00f3w energetycznych.<\/p>\t\t\t\t\t\t\t\t<\/div>\n\t\t\t\t<\/div>\n\t\t\t\t<div class=\"elementor-element elementor-element-01a8694 elementor-widget-divider--view-line elementor-invisible elementor-widget elementor-widget-divider\" data-id=\"01a8694\" data-element_type=\"widget\" data-e-type=\"widget\" data-settings=\"{&quot;_animation&quot;:&quot;slideInLeft&quot;}\" data-widget_type=\"divider.default\">\n\t\t\t\t<div class=\"elementor-widget-container\">\n\t\t\t\t\t\t\t<div class=\"elementor-divider\">\n\t\t\t<span class=\"elementor-divider-separator\">\n\t\t\t\t\t\t<\/span>\n\t\t<\/div>\n\t\t\t\t\t\t<\/div>\n\t\t\t\t<\/div>\n\t\t\t\t<\/div>\n\t\t<div class=\"elementor-element elementor-element-373be78 e-con-full e-flex e-con e-parent\" data-id=\"373be78\" data-element_type=\"container\" data-e-type=\"container\">\n\t\t<div class=\"elementor-element elementor-element-7524dbe e-con-full e-flex e-con e-child\" data-id=\"7524dbe\" data-element_type=\"container\" data-e-type=\"container\">\n\t\t\t\t<div class=\"elementor-element elementor-element-88c40de elementor-invisible elementor-widget elementor-widget-text-editor\" data-id=\"88c40de\" data-element_type=\"widget\" data-e-type=\"widget\" data-settings=\"{&quot;_animation&quot;:&quot;slideInLeft&quot;}\" data-widget_type=\"text-editor.default\">\n\t\t\t\t<div class=\"elementor-widget-container\">\n\t\t\t\t\t\t\t\t\t<p><strong>Dlaczego warto aplikowa\u0107?<\/strong><\/p><ul><li><strong>Czy Tw\u00f3j zak\u0142ad ciep\u0142owniczy znajduje si\u0119 na Litwie, w Polsce lub na S\u0142owacji?<\/strong><\/li><li><strong>Szukasz porady eksperta, aby bezp\u0142atnie zdekarbonizowa\u0107 swoje systemy grzewcze?<\/strong><\/li><li><strong>Czy potrzebujesz spersonalizowanego planu rozwi\u0105za\u0144 technicznych, w tym zielonych technologii, zaprojektowanego tak, aby spe\u0142nia\u0142 specyficzne potrzeby Twojej witryny?<\/strong><\/li><li><strong>Czy skorzysta\u0142by\u015b ze szczeg\u00f3\u0142owego planu inwestycyjnego, aby zapewni\u0107 finansow\u0105 rentowno\u015b\u0107 swojego projektu?<\/strong><\/li><li><strong>Czy jeste\u015b zainteresowany wsp\u00f3\u0142prac\u0105 z finansowanym przez Komisj\u0119 Europejsk\u0105 projektem LIFE w celu nawi\u0105zania kontaktu z instytucjami finansowymi i dotacjami w celu zapewnienia finansowania?<\/strong><\/li><\/ul><div><b>\u00a0<\/b><\/div><p>Je\u015bli odpowiedzia\u0142e\u015b \"TAK\" na kt\u00f3rekolwiek z tych pyta\u0144, projekt Low2HighDH jest tutaj, aby pom\u00f3c Ci osi\u0105gn\u0105\u0107 cele zr\u00f3wnowa\u017conego rozwoju bezp\u0142atnie, dzi\u0119ki finansowaniu Komisji Europejskiej.<\/p><p>Prosimy o poinformowanie nas o swojej sprawie - <a href=\"mailto:contact@low2highdh.eu\"><strong>contact@low2highdh.eu<\/strong><\/a>.<\/p>\t\t\t\t\t\t\t\t<\/div>\n\t\t\t\t<\/div>\n\t\t\t\t<\/div>\n\t\t<div class=\"elementor-element elementor-element-a48ab3c e-con-full column-image-call-for-appliation e-flex e-con e-child\" data-id=\"a48ab3c\" data-element_type=\"container\" data-e-type=\"container\" data-settings=\"{&quot;background_background&quot;:&quot;classic&quot;}\">\n\t\t\t\t<\/div>\n\t\t\t\t<\/div>\n\t\t<div class=\"elementor-element elementor-element-55126ba e-con-full e-flex e-con e-parent\" data-id=\"55126ba\" data-element_type=\"container\" data-e-type=\"container\">\n\t\t<div class=\"elementor-element elementor-element-fc86d43 e-con-full column-image-call-for-appliation e-flex e-con e-child\" data-id=\"fc86d43\" data-element_type=\"container\" data-e-type=\"container\" data-settings=\"{&quot;background_background&quot;:&quot;classic&quot;}\">\n\t\t\t\t<\/div>\n\t\t<div class=\"elementor-element elementor-element-23360b5 e-con-full e-flex e-con e-child\" data-id=\"23360b5\" data-element_type=\"container\" data-e-type=\"container\">\n\t\t\t\t<div class=\"elementor-element elementor-element-c922075 elementor-invisible elementor-widget elementor-widget-text-editor\" data-id=\"c922075\" data-element_type=\"widget\" data-e-type=\"widget\" data-settings=\"{&quot;_animation&quot;:&quot;slideInRight&quot;}\" data-widget_type=\"text-editor.default\">\n\t\t\t\t<div class=\"elementor-widget-container\">\n\t\t\t\t\t\t\t\t\t<p><strong>Nasza oferta:<\/strong><\/p><p>Uczestnicz\u0105c w programie Low2HighDH, zak\u0142ad ciep\u0142owniczy otrzyma:<\/p><ul><li><strong>Po\u0142\u0105czenie z instytucjami finansowymi:<\/strong>\u00a0Pomoc w nawi\u0105zywaniu kontakt\u00f3w z bankami, inwestorami zainteresowanymi wspieraniem zr\u00f3wnowa\u017conych projekt\u00f3w energetycznych oraz w znalezieniu dotacji odpowiednich dla danego projektu.<\/li><li><strong>Kompleksowy plan techniczny<\/strong>: Indywidualne zalecenia dotycz\u0105ce integracji technologii niskotemperaturowych i ciep\u0142a odpadowego z istniej\u0105cymi systemami.<\/li><li><strong>Strategia inwestycyjna:<\/strong>\u00a0Szczeg\u00f3\u0142owy plan okre\u015blaj\u0105cy wymagania finansowe i potencjalne \u017ar\u00f3d\u0142a finansowania projektu.<\/li><\/ul><div>\u00a0<\/div><div><p>Prze\u015blij swoj\u0105 aplikacj\u0119 ju\u017c dzi\u015b i sta\u0144 si\u0119 cz\u0119\u015bci\u0105 projektu Low2HighDH!<\/p><p>Poinformuj nas o swojej sprawie przez e-mail (<span style=\"font-weight: bolder;\"><a href=\"mailto:contact@low2highdh.eu\">contact@low2highdh.eu<\/a><\/span>) lub poprzez<span style=\"font-weight: bolder;\">\u00a0<\/span><a href=\"https:\/\/ec.europa.eu\/eusurvey\/runner\/2ndCfA_L2H\"><span style=\"font-weight: bolder;\">formularz zg\u0142oszeniowy.<\/span><\/a><\/p><\/div>\t\t\t\t\t\t\t\t<\/div>\n\t\t\t\t<\/div>\n\t\t\t\t<\/div>\n\t\t\t\t<\/div>\n\t\t<div class=\"elementor-element elementor-element-78bfb93 e-flex e-con-boxed e-con e-parent\" data-id=\"78bfb93\" data-element_type=\"container\" data-e-type=\"container\" data-settings=\"{&quot;background_background&quot;:&quot;classic&quot;}\">\n\t\t\t\t\t<div class=\"e-con-inner\">\n\t\t\t\t<div class=\"elementor-element elementor-element-ca4cadb elementor-widget elementor-widget-heading\" data-id=\"ca4cadb\" data-element_type=\"widget\" data-e-type=\"widget\" data-widget_type=\"heading.default\">\n\t\t\t\t<div class=\"elementor-widget-container\">\n\t\t\t\t\t<h3 class=\"elementor-heading-title elementor-size-default\">Informacja o ochronie danych\n<\/h3>\t\t\t\t<\/div>\n\t\t\t\t<\/div>\n\t\t\t\t<div class=\"elementor-element elementor-element-138ff0e elementor-widget elementor-widget-text-editor\" data-id=\"138ff0e\" data-element_type=\"widget\" data-e-type=\"widget\" data-widget_type=\"text-editor.default\">\n\t\t\t\t<div class=\"elementor-widget-container\">\n\t\t\t\t\t\t\t\t\t<p>Niniejsza ankieta jest cz\u0119\u015bci\u0105 projektu Low2HighDH, wsp\u00f3\u0142finansowanego przez unijny program LIFE (LIFE-101120865). Zbieramy dane kontaktowe i og\u00f3lne informacje na temat system\u00f3w ciep\u0142owniczych (DHS), aby pom\u00f3c w wyborze DHS, kt\u00f3re projekt b\u0119dzie wspiera\u0142 w procesie dekarbonizacji.<br \/><br \/>Dane u\u017cytkownika b\u0119d\u0105 przetwarzane zgodnie z og\u00f3lnym rozporz\u0105dzeniem UE o ochronie danych (RODO). B\u0119d\u0105 one:<br \/>- Wykorzystywane wy\u0142\u0105cznie do cel\u00f3w tego projektu<br \/>- Bezpieczne przechowywanie i nieudost\u0119pnianie poza konsorcjum projektu.<br \/>- Przechowywane tylko tak d\u0142ugo, jak jest to potrzebne do dzia\u0142a\u0144 projektowych i raportowania.<br \/><br \/>U\u017cytkownik ma prawo w dowolnym momencie uzyska\u0107 dost\u0119p do swoich danych, poprawi\u0107 je lub usun\u0105\u0107. W przypadku pyta\u0144 prosimy o kontakt z Lazarin\u0105 Dimitrov\u0105, Europroject - Communication Manager dla projektu pod adresem\u00a0<a href=\"mailto:lazarina.dimitrova@europroject.bg\">lazarina.dimitrova@europroject.bg<\/a>.<br \/><br \/>Przesy\u0142aj\u0105c ankiet\u0119, u\u017cytkownik wyra\u017ca zgod\u0119 na takie wykorzystanie jego danych.<\/p>\t\t\t\t\t\t\t\t<\/div>\n\t\t\t\t<\/div>\n\t\t\t\t\t<\/div>\n\t\t\t\t<\/div>\n\t\t\t\t<\/div>","protected":false},"excerpt":{"rendered":"<p>CALL FOR APPLICATIONS CLOSED Low2HighDH aims to support district heating operators in Lithuania, Poland, and Slovakia by integrating low-grade and waste heat technologies into their systems, aiding them in meeting their decarbonisation goals. To achieve this, the project requires active engagement from high-temperature district heating sites and will evaluate prospective participants through a Call for [&hellip;]<\/p>\n","protected":false},"author":1,"featured_media":0,"parent":0,"menu_order":0,"comment_status":"closed","ping_status":"closed","template":"elementor_header_footer","meta":{"footnotes":""},"class_list":["post-1015","page","type-page","status-publish","hentry"],"_links":{"self":[{"href":"https:\/\/low2highdh.eu\/pl\/wp-json\/wp\/v2\/pages\/1015","targetHints":{"allow":["GET"]}}],"collection":[{"href":"https:\/\/low2highdh.eu\/pl\/wp-json\/wp\/v2\/pages"}],"about":[{"href":"https:\/\/low2highdh.eu\/pl\/wp-json\/wp\/v2\/types\/page"}],"author":[{"embeddable":true,"href":"https:\/\/low2highdh.eu\/pl\/wp-json\/wp\/v2\/users\/1"}],"replies":[{"embeddable":true,"href":"https:\/\/low2highdh.eu\/pl\/wp-json\/wp\/v2\/comments?post=1015"}],"version-history":[{"count":0,"href":"https:\/\/low2highdh.eu\/pl\/wp-json\/wp\/v2\/pages\/1015\/revisions"}],"wp:attachment":[{"href":"https:\/\/low2highdh.eu\/pl\/wp-json\/wp\/v2\/media?parent=1015"}],"curies":[{"name":"wp","href":"https:\/\/api.w.org\/{rel}","templated":true}]}}