{"id":987,"date":"2024-07-25T12:37:03","date_gmt":"2024-07-25T12:37:03","guid":{"rendered":"https:\/\/low2highdh.eu\/?page_id=987"},"modified":"2025-04-11T11:26:27","modified_gmt":"2025-04-11T11:26:27","slug":"technical-solutions","status":"publish","type":"page","link":"https:\/\/low2highdh.eu\/lt\/technical-solutions\/","title":{"rendered":"Techniniai sprendimai"},"content":{"rendered":"<div data-elementor-type=\"wp-page\" data-elementor-id=\"987\" class=\"elementor elementor-987\" data-elementor-post-type=\"page\">\n\t\t\t\t<div class=\"elementor-element elementor-element-3e75609 e-flex e-con-boxed e-con e-parent\" data-id=\"3e75609\" data-element_type=\"container\" data-e-type=\"container\" data-settings=\"{&quot;background_background&quot;:&quot;classic&quot;}\">\n\t\t\t\t\t<div class=\"e-con-inner\">\n\t\t\t\t<div class=\"elementor-element elementor-element-4e76ddc elementor-widget elementor-widget-heading\" data-id=\"4e76ddc\" data-element_type=\"widget\" data-e-type=\"widget\" data-widget_type=\"heading.default\">\n\t\t\t\t<div class=\"elementor-widget-container\">\n\t\t\t\t\t<h2 class=\"elementor-heading-title elementor-size-default\">Techniniai sprendimai<\/h2>\t\t\t\t<\/div>\n\t\t\t\t<\/div>\n\t\t\t\t\t<\/div>\n\t\t\t\t<\/div>\n\t\t<div class=\"elementor-element elementor-element-4aace6f e-flex e-con-boxed e-con e-parent\" data-id=\"4aace6f\" data-element_type=\"container\" data-e-type=\"container\">\n\t\t\t\t\t<div class=\"e-con-inner\">\n\t\t\t\t<div class=\"elementor-element elementor-element-a920fd3 elementor-widget elementor-widget-text-editor\" data-id=\"a920fd3\" data-element_type=\"widget\" data-e-type=\"widget\" data-widget_type=\"text-editor.default\">\n\t\t\t\t<div class=\"elementor-widget-container\">\n\t\t\t\t\t\t\t\t\t<p><\/p><p><strong>Techniniais sprendimais<\/strong> numatome si\u016blyti \u017eemo potencialo AEI ir atliekin\u0119 \u0161ilum\u0105 integruoti \u012f centralizuoto \u0161ilumos tiekimo sistemas, kur \u0161ilumos siurbliai yra numatyta kaip pagrindin\u0117 technologija. \u0160ilumos siurbliai gali padidinti \u0161ilumos \u0161altini\u0173 temperat\u016br\u0105 (taigi ir \u017eemo potencialo) iki auk\u0161tesn\u0117s temperat\u016bros arba gaminti v\u0117sum\u0105.<\/p><p>\u0160ilumos siurbliai centralizuotoje energijos tiekimo sistemoje atlieka labai svarb\u0173 vaidmen\u012f, nes jie leid\u017eia padidinti temperat\u016br\u0105 nuo \u017eemos iki auk\u0161tos ir sujungia elektros energijos, \u0161ildymo ir\/arba v\u0117sinimo sektorius. Sistemoje, kurioje dominuoja AEI, \u0161ilumos siurbliai leid\u017eia sujungti \u0161ilumos ir elektros sektorius. B\u016btent, jei visa \u0161ilumos siurblio kompresoriaus naudojama elektros energija pagaminama i\u0161 AEI, \u0161ilumos siurbliui tiekiama energija yra laikoma \u0161varia. Be to, \u0161ilumos siurblys leid\u017eia \u017eem\u0173 temperat\u016br\u0173 (pvz., i\u0161 AEI, toki\u0173 kaip saul\u0117s \u0161ilumin\u0117 energija arba atliekin\u0117 \u0161iluma, pvz., duomen\u0173 centr\u0173) energij\u0105 paversti auk\u0161tos temperat\u016bros energijos \u0161altiniais, kad b\u016bt\u0173 galima j\u0105 integruoti \u012f esam\u0105 auk\u0161tesn\u0117s temperat\u016bros centralizuoto \u0161ilumos tiekimo tinkl\u0105 (arba \u012f naujausios kartos C\u0160T), taip palaikant bendr\u0105 sistemos efektyvum\u0105.<\/p><p><\/p>\t\t\t\t\t\t\t\t<\/div>\n\t\t\t\t<\/div>\n\t\t\t\t<div class=\"elementor-element elementor-element-664a5f9 elementor-widget__width-initial elementor-widget elementor-widget-video\" data-id=\"664a5f9\" data-element_type=\"widget\" data-e-type=\"widget\" data-settings=\"{&quot;youtube_url&quot;:&quot;https:\\\/\\\/www.youtube.com\\\/watch?v=gnq2INQ1vAw&quot;,&quot;video_type&quot;:&quot;youtube&quot;,&quot;controls&quot;:&quot;yes&quot;}\" data-widget_type=\"video.default\">\n\t\t\t\t<div class=\"elementor-widget-container\">\n\t\t\t\t\t\t\t<div class=\"elementor-wrapper elementor-open-inline\">\n\t\t\t<div class=\"elementor-video\"><\/div>\t\t<\/div>\n\t\t\t\t\t\t<\/div>\n\t\t\t\t<\/div>\n\t\t\t\t\t<\/div>\n\t\t\t\t<\/div>\n\t\t\t\t<\/div>","protected":false},"excerpt":{"rendered":"<p>Technical solutions The technical solutions we envision to integrate low-grade RES in DH facilities have heat pumps as the enabling technology. Heat pumps can upgrade low temperature (and therefore low-grade) heat sources to higher temperature levels or to produce cold. Compression heat pumps use electricity to upgrade a low-temperature heat source, using a mechanical compressor [&hellip;]<\/p>\n","protected":false},"author":1,"featured_media":0,"parent":0,"menu_order":0,"comment_status":"closed","ping_status":"closed","template":"elementor_header_footer","meta":{"footnotes":""},"class_list":["post-987","page","type-page","status-publish","hentry"],"_links":{"self":[{"href":"https:\/\/low2highdh.eu\/lt\/wp-json\/wp\/v2\/pages\/987","targetHints":{"allow":["GET"]}}],"collection":[{"href":"https:\/\/low2highdh.eu\/lt\/wp-json\/wp\/v2\/pages"}],"about":[{"href":"https:\/\/low2highdh.eu\/lt\/wp-json\/wp\/v2\/types\/page"}],"author":[{"embeddable":true,"href":"https:\/\/low2highdh.eu\/lt\/wp-json\/wp\/v2\/users\/1"}],"replies":[{"embeddable":true,"href":"https:\/\/low2highdh.eu\/lt\/wp-json\/wp\/v2\/comments?post=987"}],"version-history":[{"count":0,"href":"https:\/\/low2highdh.eu\/lt\/wp-json\/wp\/v2\/pages\/987\/revisions"}],"wp:attachment":[{"href":"https:\/\/low2highdh.eu\/lt\/wp-json\/wp\/v2\/media?parent=987"}],"curies":[{"name":"wp","href":"https:\/\/api.w.org\/{rel}","templated":true}]}}