{"id":1015,"date":"2024-07-26T09:41:54","date_gmt":"2024-07-26T09:41:54","guid":{"rendered":"https:\/\/low2highdh.eu\/?page_id=1015"},"modified":"2026-01-13T12:44:11","modified_gmt":"2026-01-13T12:44:11","slug":"call-for-applications","status":"publish","type":"page","link":"https:\/\/low2highdh.eu\/lt\/call-for-applications\/","title":{"rendered":"Kvietimas teikti parai\u0161kas"},"content":{"rendered":"<div data-elementor-type=\"wp-page\" data-elementor-id=\"1015\" class=\"elementor elementor-1015\" data-elementor-post-type=\"page\">\n\t\t\t\t<div class=\"elementor-element elementor-element-04342f6 e-con-full e-flex e-con e-parent\" data-id=\"04342f6\" data-element_type=\"container\" data-e-type=\"container\">\n\t\t<div class=\"elementor-element elementor-element-24b53b1 e-con-full e-flex e-con e-child\" data-id=\"24b53b1\" data-element_type=\"container\" data-e-type=\"container\" data-settings=\"{&quot;background_background&quot;:&quot;classic&quot;}\">\n\t\t\t\t<div class=\"elementor-element elementor-element-521b992 elementor-invisible elementor-widget elementor-widget-heading\" data-id=\"521b992\" data-element_type=\"widget\" data-e-type=\"widget\" data-settings=\"{&quot;_animation&quot;:&quot;slideInLeft&quot;}\" data-widget_type=\"heading.default\">\n\t\t\t\t<div class=\"elementor-widget-container\">\n\t\t\t\t\t<h2 class=\"elementor-heading-title elementor-size-default\">KVIETIMAS TEIKTI PARAI\u0160KAS<\/h2>\t\t\t\t<\/div>\n\t\t\t\t<\/div>\n\t\t\t\t<div class=\"elementor-element elementor-element-af06e22 elementor-invisible elementor-widget elementor-widget-heading\" data-id=\"af06e22\" data-element_type=\"widget\" data-e-type=\"widget\" data-settings=\"{&quot;_animation&quot;:&quot;slideInLeft&quot;}\" data-widget_type=\"heading.default\">\n\t\t\t\t<div class=\"elementor-widget-container\">\n\t\t\t\t\t<h2 class=\"elementor-heading-title elementor-size-default\">U\u017dDARYTA<\/h2>\t\t\t\t<\/div>\n\t\t\t\t<\/div>\n\t\t\t\t<\/div>\n\t\t<div class=\"elementor-element elementor-element-534266e e-con-full e-flex e-con e-child\" data-id=\"534266e\" data-element_type=\"container\" data-e-type=\"container\" data-settings=\"{&quot;background_background&quot;:&quot;classic&quot;}\">\n\t\t\t\t<div class=\"elementor-element elementor-element-0efa355 elementor-invisible elementor-widget elementor-widget-text-editor\" data-id=\"0efa355\" data-element_type=\"widget\" data-e-type=\"widget\" data-settings=\"{&quot;_animation&quot;:&quot;slideInRight&quot;}\" data-widget_type=\"text-editor.default\">\n\t\t\t\t<div class=\"elementor-widget-container\">\n\t\t\t\t\t\t\t\t\t<p>Low2HighDH projekto tikslas \u2013 pad\u0117ti Lietuvos, Lenkijos ir Slovakijos centralizuoto \u0161ilumos tiekimo operatoriams integruoti \u012f savo sistemas \u017eemo potencialo ir atliekin\u0117s \u0161ilumos technologijas, taip padedant jiems siekti anglies dioksido i\u0161metimo ma\u017einimo tiksl\u0173. Siekiant \u0161io tikslo, projekte reikia aktyvaus auk\u0161tesn\u0117s temperat\u016bros centralizuoto \u0161ilumos tiekimo \u012fmoni\u0173 dalyvavimo, o potencial\u016bs dalyviai bus vertinami pagal kvietimo teikti parai\u0161kas kriterijus.\u00a0<\/p><p>Parai\u0161ka teikiama u\u017epildant internetin\u0119 parai\u0161kos form\u0105, kurioje surinkta visa svarbi informacija, pagal kuri\u0105 bus vertinamos kandidat\u0173 parai\u0161kos. Tada vertintojai, remdamiesi atrankos kriterijais, atrinks tinkamiausius kandidatus. Galiausiai su atrinktais parei\u0161k\u0117jais susisieks konsorciumo partneris, atsakingas u\u017e konkre\u010dios paramos vertinim\u0105, kad b\u016bt\u0173 apibr\u0117\u017eta paramos priemon\u0117 ir \u012fformintas bendradarbiavimo susitarimas.<\/p>\t\t\t\t\t\t\t\t<\/div>\n\t\t\t\t<\/div>\n\t\t\t\t<div class=\"elementor-element elementor-element-537dc6f blinking-effect elementor-widget__width-initial elementor-hidden-desktop elementor-hidden-tablet elementor-hidden-mobile elementor-widget elementor-widget-button\" data-id=\"537dc6f\" data-element_type=\"widget\" data-e-type=\"widget\" data-widget_type=\"button.default\">\n\t\t\t\t<div class=\"elementor-widget-container\">\n\t\t\t\t\t\t\t\t\t<div class=\"elementor-button-wrapper\">\n\t\t\t\t\t<a class=\"elementor-button elementor-button-link elementor-size-sm\" href=\"https:\/\/ec.europa.eu\/eusurvey\/runner\/2ndCfA_L2H\">\n\t\t\t\t\t\t<span class=\"elementor-button-content-wrapper\">\n\t\t\t\t\t\t\t\t\t<span class=\"elementor-button-text\">KREIPKIT\u0116S DABAR<\/span>\n\t\t\t\t\t<\/span>\n\t\t\t\t\t<\/a>\n\t\t\t\t<\/div>\n\t\t\t\t\t\t\t\t<\/div>\n\t\t\t\t<\/div>\n\t\t\t\t<\/div>\n\t\t\t\t<\/div>\n\t\t<div class=\"elementor-element elementor-element-875c105 e-con-full e-flex e-con e-parent\" data-id=\"875c105\" data-element_type=\"container\" data-e-type=\"container\">\n\t\t\t\t<div class=\"elementor-element elementor-element-ebf7c4a elementor-widget elementor-widget-heading\" data-id=\"ebf7c4a\" data-element_type=\"widget\" data-e-type=\"widget\" data-widget_type=\"heading.default\">\n\t\t\t\t<div class=\"elementor-widget-container\">\n\t\t\t\t\t<h2 class=\"elementor-heading-title elementor-size-default\">NEMOKAMAI SU\u017dINOKITE KAIP DEKARBONIZUOTI ESAMAS \u0160ILUMOS TIEKIMO SISTEMAS<\/h2>\t\t\t\t<\/div>\n\t\t\t\t<\/div>\n\t\t\t\t<div class=\"elementor-element elementor-element-2ab6d98 elementor-widget-divider--view-line elementor-invisible elementor-widget elementor-widget-divider\" data-id=\"2ab6d98\" data-element_type=\"widget\" data-e-type=\"widget\" data-settings=\"{&quot;_animation&quot;:&quot;slideInLeft&quot;}\" data-widget_type=\"divider.default\">\n\t\t\t\t<div class=\"elementor-widget-container\">\n\t\t\t\t\t\t\t<div class=\"elementor-divider\">\n\t\t\t<span class=\"elementor-divider-separator\">\n\t\t\t\t\t\t<\/span>\n\t\t<\/div>\n\t\t\t\t\t\t<\/div>\n\t\t\t\t<\/div>\n\t\t\t\t<div class=\"elementor-element elementor-element-61cf57f elementor-align-center elementor-invisible elementor-widget elementor-widget-button\" data-id=\"61cf57f\" data-element_type=\"widget\" data-e-type=\"widget\" data-settings=\"{&quot;_animation&quot;:&quot;slideInDown&quot;}\" data-widget_type=\"button.default\">\n\t\t\t\t<div class=\"elementor-widget-container\">\n\t\t\t\t\t\t\t\t\t<div class=\"elementor-button-wrapper\">\n\t\t\t\t\t<a class=\"elementor-button elementor-button-link elementor-size-sm\" href=\"https:\/\/low2highdh.eu\/lt\/download\/1234\/?tmstv=1725969275\">\n\t\t\t\t\t\t<span class=\"elementor-button-content-wrapper\">\n\t\t\t\t\t\t\t\t\t<span class=\"elementor-button-text\"> Atsisi\u0173sti bro\u0161i\u016br\u0105<\/span>\n\t\t\t\t\t<\/span>\n\t\t\t\t\t<\/a>\n\t\t\t\t<\/div>\n\t\t\t\t\t\t\t\t<\/div>\n\t\t\t\t<\/div>\n\t\t\t\t<div class=\"elementor-element elementor-element-bc3ebd7 elementor-widget elementor-widget-text-editor\" data-id=\"bc3ebd7\" data-element_type=\"widget\" data-e-type=\"widget\" data-widget_type=\"text-editor.default\">\n\t\t\t\t<div class=\"elementor-widget-container\">\n\t\t\t\t\t\t\t\t\t<p><strong>Kvie\u010diame Lietuvos, Lenkijos ir Slovakijos centralizuoto \u0161ilumos tiekimo operatorius teikti parai\u0161kas paramai gauti diegiant \u017eemos kokyb\u0117s ir atliekin\u0117s \u0161ilumos technologijas.<\/strong><br \/><strong>Nepraleiskite \u0161ios galimyb\u0117s gauti specialiai pritaikyt\u0105 technin\u0119 pagalb\u0105 ir prisijungti prie per\u0117jimo prie tvaraus, ma\u017eai anglies dioksido \u012f aplink\u0105 i\u0161skirian\u010dio centralizuoto \u0161ildymo.<\/strong><br \/><strong><a href=\"https:\/\/ec.europa.eu\/eusurvey\/runner\/2ndCfA_L2H\">Kandidatuokite dabar<\/a> ir pasidalykite informacija apie savo svetain\u0119!<\/strong><br \/><strong>Jei turite klausim\u0173, susisiekite su mumis adresu\u00a0<a href=\"mailto:contact@low2highdh.eu\">contact@low2highdh.eu<\/a><\/strong><\/p>\t\t\t\t\t\t\t\t<\/div>\n\t\t\t\t<\/div>\n\t\t\t\t<div class=\"elementor-element elementor-element-ff5faa3 elementor-widget elementor-widget-text-editor\" data-id=\"ff5faa3\" data-element_type=\"widget\" data-e-type=\"widget\" data-widget_type=\"text-editor.default\">\n\t\t\t\t<div class=\"elementor-widget-container\">\n\t\t\t\t\t\t\t\t\t<p><strong><br \/><\/strong><strong>Dekarbonizuokite savo \u0161ilumos tiekimo sistemas <\/strong><\/p><p>Pasireng\u0119 prad\u0117ti pertvarkyti savo centralizuoto \u0161ildymo sistemas <strong>NEMOKAMAI<\/strong>? Nepraleiskite \u0161ios unikalios galimyb\u0117s prisijungti ir tapti atrinktu centralizuoto \u0161ilumos tiekimo \u012fmoni\u0173 grup\u0117s nariu, siekian\u010diu \u017eengti ekologi\u0161kesn\u0117s ateities link.<\/p><p>Jei esamoje \u0161ilumos tiekimo sistemoje vis dar naudojate i\u0161kastin\u012f kur\u0105, sistema nepakankamai efektyvi ir norite padidinti \u201e\u017eali\u0173j\u0173\u201c technologij\u0173 naudojim\u0105 \u2013 \u0161i galimyb\u0117 teikti parai\u0161kas yra Jums.\u00a0<\/p><p>Siekdami \u0161io tikslo, kvie\u010diame centralizuoto \u0161ilumos tiekimo \u012fmones dalyvauti kvietime teikti parai\u0161kas.<\/p><p>S\u0117kmingi parai\u0161k\u0173 teik\u0117jai gaus nemokamas ekspert\u0173 konsultacijas ir specialiai jiems pritaikytus sprendinius kaip padidinti energijos tiekimo efektyvum\u0105 ir \u017eengti link tvaresn\u0117s ateities.<\/p><p>Teikite parai\u0161k\u0105 dabar ir gaukite galimyb\u0119 naudotis ekspert\u0173 patirtimi, reikalingais j\u016bs\u0173 energetikos sistemoms pertvarkyti.<\/p>\t\t\t\t\t\t\t\t<\/div>\n\t\t\t\t<\/div>\n\t\t\t\t<div class=\"elementor-element elementor-element-01a8694 elementor-widget-divider--view-line elementor-invisible elementor-widget elementor-widget-divider\" data-id=\"01a8694\" data-element_type=\"widget\" data-e-type=\"widget\" data-settings=\"{&quot;_animation&quot;:&quot;slideInLeft&quot;}\" data-widget_type=\"divider.default\">\n\t\t\t\t<div class=\"elementor-widget-container\">\n\t\t\t\t\t\t\t<div class=\"elementor-divider\">\n\t\t\t<span class=\"elementor-divider-separator\">\n\t\t\t\t\t\t<\/span>\n\t\t<\/div>\n\t\t\t\t\t\t<\/div>\n\t\t\t\t<\/div>\n\t\t\t\t<\/div>\n\t\t<div class=\"elementor-element elementor-element-373be78 e-con-full e-flex e-con e-parent\" data-id=\"373be78\" data-element_type=\"container\" data-e-type=\"container\">\n\t\t<div class=\"elementor-element elementor-element-7524dbe e-con-full e-flex e-con e-child\" data-id=\"7524dbe\" data-element_type=\"container\" data-e-type=\"container\">\n\t\t\t\t<div class=\"elementor-element elementor-element-88c40de elementor-invisible elementor-widget elementor-widget-text-editor\" data-id=\"88c40de\" data-element_type=\"widget\" data-e-type=\"widget\" data-settings=\"{&quot;_animation&quot;:&quot;slideInLeft&quot;}\" data-widget_type=\"text-editor.default\">\n\t\t\t\t<div class=\"elementor-widget-container\">\n\t\t\t\t\t\t\t\t\t<p><strong>Kod\u0117l verta kreiptis d\u0117l paramos?<\/strong><\/p><ul><li><strong>Ar j\u016bs\u0173 centralizuoto \u0161ilumos tiekimo \u012fmon\u0117 yra Lietuvoje, Lenkijoje ar Slovakijoje?<\/strong><\/li><li><strong>Ie\u0161kote ekspert\u0173 nemokam\u0173 patarim\u0173, kaip dekarbonizuoti centralizuoto \u0161ilumos tiekimo sistem\u0105?<\/strong><\/li><li><strong>Norite individualaus technini\u0173 sprendini\u0173 plano, \u012fskaitant \u201e\u017eali\u0105sias\u201c technologijas, parengto atsi\u017evelgiant \u012f konkre\u010dius j\u016bs\u0173 \u012fmon\u0117s poreikius?<\/strong><\/li><li><strong>Ar jums b\u016bt\u0173 reikalingas i\u0161samus investicij\u0173 planas, kad u\u017etikrintum\u0117te savo projekto finansin\u012f gyvybingum\u0105?<\/strong><\/li><li><strong>Norite bendradarbiauti su Europos Komisijos finansuojamo LIFE projekto vykdytoj\u0173 komanda ir u\u017emegzti ry\u0161ius su finans\u0173 \u012fstaigomis ir subsidij\u0173 teik\u0117jais, kad gautum\u0117te pasi\u016blymus d\u0117l finansavimo?<\/strong><\/li><\/ul><div><b>\u00a0<\/b><\/div><p>Jei \u012f bet kur\u012f i\u0161 auk\u0161\u010diau pateikt\u0173 klausim\u0173 atsak\u0117te \u201eTAIP\u201c, projektas Low2HighDH, kur\u012f finansuoja Europos Komisija, pad\u0117s Jums siekti tvarumo tiksl\u0173.<\/p><p>Prane\u0161kite mums apie savo poreik\u012f poky\u010diams - <a href=\"mailto:contact@low2highdh.eu\"><strong>contact@low2highdh.eu<\/strong><\/a>.<\/p>\t\t\t\t\t\t\t\t<\/div>\n\t\t\t\t<\/div>\n\t\t\t\t<\/div>\n\t\t<div class=\"elementor-element elementor-element-a48ab3c e-con-full column-image-call-for-appliation e-flex e-con e-child\" data-id=\"a48ab3c\" data-element_type=\"container\" data-e-type=\"container\" data-settings=\"{&quot;background_background&quot;:&quot;classic&quot;}\">\n\t\t\t\t<\/div>\n\t\t\t\t<\/div>\n\t\t<div class=\"elementor-element elementor-element-55126ba e-con-full e-flex e-con e-parent\" data-id=\"55126ba\" data-element_type=\"container\" data-e-type=\"container\">\n\t\t<div class=\"elementor-element elementor-element-fc86d43 e-con-full column-image-call-for-appliation e-flex e-con e-child\" data-id=\"fc86d43\" data-element_type=\"container\" data-e-type=\"container\" data-settings=\"{&quot;background_background&quot;:&quot;classic&quot;}\">\n\t\t\t\t<\/div>\n\t\t<div class=\"elementor-element elementor-element-23360b5 e-con-full e-flex e-con e-child\" data-id=\"23360b5\" data-element_type=\"container\" data-e-type=\"container\">\n\t\t\t\t<div class=\"elementor-element elementor-element-c922075 elementor-invisible elementor-widget elementor-widget-text-editor\" data-id=\"c922075\" data-element_type=\"widget\" data-e-type=\"widget\" data-settings=\"{&quot;_animation&quot;:&quot;slideInRight&quot;}\" data-widget_type=\"text-editor.default\">\n\t\t\t\t<div class=\"elementor-widget-container\">\n\t\t\t\t\t\t\t\t\t<p><strong>K\u0105 mes si\u016blome:<\/strong><\/p><p>Dalyvaudami projekte Low2HighDH, J\u016bs\u0173 centralizuoto \u0161ilumos tiekimo \u012fmon\u0117 gaus:<\/p><ul><li><strong>Ry\u0161\u012f su finans\u0173 \u012fstaigomis:<\/strong>\u00a0pagalba bendraujant su bankais, investuotojais, norin\u010diais remti tvarios energijos projektus, ir ie\u0161kant J\u016bs\u0173 projektui tinkam\u0173 subsidij\u0173.<\/li><li><strong>I\u0161sam\u0173 technin\u012f plan\u0105<\/strong>: pritaikytos rekomendacijos, kaip integruoti \u017eemo potencialo ir atliekin\u0117s \u0161ilumos \u0161altinius \u012f esamas sistemas.<\/li><li><strong>Investavimo strategij\u0105:<\/strong>\u00a0detalus planas, kuriame nurodomi finansiniai reikalavimai ir galimi projekto finansavimo \u0161altiniai.<\/li><\/ul><div>\u00a0<\/div><div><p>Pateikite parai\u0161k\u0105 \u0161iandien ir tapkite projekto Low2HighDH dalimi!<\/p><p>Prane\u0161kite mums apie savo poreik\u012f poky\u010diams el. pa\u0161tu (<span style=\"font-weight: bolder;\"><a href=\"mailto:contact@low2highdh.eu\">contact@low2highdh.eu<\/a><\/span>) arba per<span style=\"font-weight: bolder;\">\u00a0<\/span><a href=\"https:\/\/ec.europa.eu\/eusurvey\/runner\/2ndCfA_L2H\"><span style=\"font-weight: bolder;\">parai\u0161kos forma.<\/span><\/a><\/p><\/div>\t\t\t\t\t\t\t\t<\/div>\n\t\t\t\t<\/div>\n\t\t\t\t<\/div>\n\t\t\t\t<\/div>\n\t\t<div class=\"elementor-element elementor-element-78bfb93 e-flex e-con-boxed e-con e-parent\" data-id=\"78bfb93\" data-element_type=\"container\" data-e-type=\"container\" data-settings=\"{&quot;background_background&quot;:&quot;classic&quot;}\">\n\t\t\t\t\t<div class=\"e-con-inner\">\n\t\t\t\t<div class=\"elementor-element elementor-element-ca4cadb elementor-widget elementor-widget-heading\" data-id=\"ca4cadb\" data-element_type=\"widget\" data-e-type=\"widget\" data-widget_type=\"heading.default\">\n\t\t\t\t<div class=\"elementor-widget-container\">\n\t\t\t\t\t<h3 class=\"elementor-heading-title elementor-size-default\">Duomen\u0173 apsaugos prane\u0161imas\n<\/h3>\t\t\t\t<\/div>\n\t\t\t\t<\/div>\n\t\t\t\t<div class=\"elementor-element elementor-element-138ff0e elementor-widget elementor-widget-text-editor\" data-id=\"138ff0e\" data-element_type=\"widget\" data-e-type=\"widget\" data-widget_type=\"text-editor.default\">\n\t\t\t\t<div class=\"elementor-widget-container\">\n\t\t\t\t\t\t\t\t\t<p>\u0160i apklausa yra projekto Low2HighDH, bendrai finansuojamo pagal ES LIFE program\u0105 (LIFE-101120865), dalis. Renkame kontaktinius duomenis ir bendr\u0105 informacij\u0105 apie centralizuoto \u0161ildymo sistemas (C\u0160S), kad gal\u0117tume atrinkti C\u0160S, kurioms pagal projekt\u0105 bus teikiama parama anglies dioksido i\u0161metimo ma\u017einimo procese.<br \/><br \/>J\u016bs\u0173 duomenys bus tvarkomi laikantis ES Bendrojo duomen\u0173 apsaugos reglamento (BDAR). Jie bus:<br \/>- Naudoti tik \u0161io projekto tikslais.<br \/>- saugiai saugomi ir neskelbiami u\u017e projekto konsorciumo rib\u0173.<br \/>- Saugoti tik tiek, kiek reikia projekto veiklai ir ataskait\u0173 teikimui.<br \/><br \/>Turite teis\u0119 bet kuriuo metu susipa\u017einti su savo duomenimis, juos taisyti arba i\u0161trinti. Kilus klausimams, kreipkit\u0117s \u012f Lazarin\u0105 Dimitrov\u0105, projekto \"Europroject\" komunikacijos vadov\u0119.\u00a0<a href=\"mailto:lazarina.dimitrova@europroject.bg\">lazarina.dimitrova@europroject.bg<\/a>.<br \/><br \/>Pateikdami apklaus\u0105 sutinkate, kad j\u016bs\u0173 duomenys b\u016bt\u0173 naudojami.<\/p>\t\t\t\t\t\t\t\t<\/div>\n\t\t\t\t<\/div>\n\t\t\t\t\t<\/div>\n\t\t\t\t<\/div>\n\t\t\t\t<\/div>","protected":false},"excerpt":{"rendered":"<p>CALL FOR APPLICATIONS CLOSED Low2HighDH aims to support district heating operators in Lithuania, Poland, and Slovakia by integrating low-grade and waste heat technologies into their systems, aiding them in meeting their decarbonisation goals. To achieve this, the project requires active engagement from high-temperature district heating sites and will evaluate prospective participants through a Call for [&hellip;]<\/p>\n","protected":false},"author":1,"featured_media":0,"parent":0,"menu_order":0,"comment_status":"closed","ping_status":"closed","template":"elementor_header_footer","meta":{"footnotes":""},"class_list":["post-1015","page","type-page","status-publish","hentry"],"_links":{"self":[{"href":"https:\/\/low2highdh.eu\/lt\/wp-json\/wp\/v2\/pages\/1015","targetHints":{"allow":["GET"]}}],"collection":[{"href":"https:\/\/low2highdh.eu\/lt\/wp-json\/wp\/v2\/pages"}],"about":[{"href":"https:\/\/low2highdh.eu\/lt\/wp-json\/wp\/v2\/types\/page"}],"author":[{"embeddable":true,"href":"https:\/\/low2highdh.eu\/lt\/wp-json\/wp\/v2\/users\/1"}],"replies":[{"embeddable":true,"href":"https:\/\/low2highdh.eu\/lt\/wp-json\/wp\/v2\/comments?post=1015"}],"version-history":[{"count":0,"href":"https:\/\/low2highdh.eu\/lt\/wp-json\/wp\/v2\/pages\/1015\/revisions"}],"wp:attachment":[{"href":"https:\/\/low2highdh.eu\/lt\/wp-json\/wp\/v2\/media?parent=1015"}],"curies":[{"name":"wp","href":"https:\/\/api.w.org\/{rel}","templated":true}]}}